{"id":5657773,"date":"2020-10-19T14:52:42","date_gmt":"2020-10-19T14:52:42","guid":{"rendered":"https:\/\/pericia.com.pt\/politica-de-privacidade\/"},"modified":"2021-05-27T16:17:47","modified_gmt":"2021-05-27T16:17:47","slug":"politique-de-confidentialite","status":"publish","type":"page","link":"https:\/\/pericia.com.pt\/fr\/politique-de-confidentialite\/","title":{"rendered":"Politique De Confidentialit\u00e9"},"content":{"rendered":"[vc_row thb_full_width=&#8221;true&#8221; thb_row_padding=&#8221;true&#8221; thb_column_padding=&#8221;true&#8221; full_height=&#8221;yes&#8221; content_placement=&#8221;middle&#8221; thb_scroll_bottom=&#8221;true&#8221; thb_scroll_bottom_color=&#8221;light&#8221; css=&#8221;.vc_custom_1603131552258{padding-top: 15vh !important;padding-bottom: 28vh !important;background-image: url(https:\/\/pericia.com.pt\/wp-content\/uploads\/2020\/10\/politica_privacidade.jpg?id=5657359) !important;background-position: center !important;background-repeat: no-repeat !important;background-size: cover !important;}&#8221; el_class=&#8221;custom_hide_desktop custom_full_screen&#8221;][vc_column thb_color=&#8221;thb-light-column&#8221; offset=&#8221;vc_hidden-lg vc_hidden-md&#8221;][vc_row_inner content_placement=&#8221;middle&#8221;][vc_column_inner offset=&#8221;vc_col-lg-6 vc_col-md-9&#8243; css=&#8221;.vc_custom_1600510683029{padding-top: 70px !important;}&#8221;]\t<div id=\"thb-slidetype-69fdd70599534\" class=\"thb-slidetype \" data-style=\"style1\">\n\t\t\n<h1><span class=\"thb-slidetype-entry\"><span class=\"lines\">Pol\u00edtica de privacidade<\/span><\/span><\/h1>\n\t\t\t<\/div>\n\n\t[vc_empty_space height=&#8221;10px&#8221;][vc_column_text animation=&#8221;animation fade-in&#8221;]\n<h4><strong>A confidencialidade e a integridade dos seus dados pessoais \u00e9 uma das nossas principais preocupa\u00e7\u00f5es.<\/strong><\/h4>\n[\/vc_column_text][vc_empty_space height=&#8221;20px&#8221;][\/vc_column_inner][\/vc_row_inner][\/vc_column][\/vc_row][vc_row thb_full_width=&#8221;true&#8221; thb_row_padding=&#8221;true&#8221; thb_column_padding=&#8221;true&#8221; full_height=&#8221;yes&#8221; content_placement=&#8221;middle&#8221; thb_scroll_bottom=&#8221;true&#8221; thb_scroll_bottom_style=&#8221;style3&#8243; thb_scroll_bottom_color=&#8221;light&#8221; css=&#8221;.vc_custom_1603131566392{padding-bottom: 28vh !important;background-image: url(https:\/\/pericia.com.pt\/wp-content\/uploads\/2020\/10\/politica_privacidade.jpg?id=5657359) !important;background-position: center !important;background-repeat: no-repeat !important;background-size: cover !important;}&#8221; el_class=&#8221;custom_hide_mobile custom_full_screen&#8221;][vc_column thb_color=&#8221;thb-light-column&#8221; offset=&#8221;vc_hidden-sm vc_hidden-xs&#8221;][vc_row_inner][vc_column_inner offset=&#8221;vc_col-lg-6 vc_col-md-9&#8243; css=&#8221;.vc_custom_1598732559822{padding-top: 250px !important;}&#8221;]\t<div id=\"thb-slidetype-69fdd70599579\" class=\"thb-slidetype \" data-style=\"style1\">\n\t\t\n<h1><span class=\"thb-slidetype-entry\"><span class=\"lines\">Politique De Confidentialit\u00e9<\/span><\/span><\/h1>\n\t\t\t<\/div>\n\n\t[vc_empty_space height=&#8221;10px&#8221;][vc_column_text animation=&#8221;animation fade-in&#8221;]\n<h4>Informations juridiques sur la protection des donn\u00e9es<\/h4>\n[\/vc_column_text][vc_empty_space height=&#8221;20px&#8221;][\/vc_column_inner][\/vc_row_inner][\/vc_column][\/vc_row][vc_row css=&#8221;.vc_custom_1613401597691{padding-top: 100px !important;padding-right: 10% !important;padding-bottom: 100px !important;padding-left: 10% !important;}&#8221;][vc_column][vc_column_text]\n<p>Chez revestsolutions, nous comprenons que l&#8217;utilisation de vos donn\u00e9es \u00e0 caract\u00e8re personnel requiert votre confiance. Nous sommes soumis aux normes les plus strictes en mati\u00e8re de respect de la vie priv\u00e9e et n&#8217;utiliserons vos donn\u00e9es \u00e0 caract\u00e8re personnel qu&#8217;\u00e0 des fins clairement identifi\u00e9es et conform\u00e9ment \u00e0 vos droits en mati\u00e8re de protection des donn\u00e9es.<\/p>\n<p>La confidentialit\u00e9 et l&#8217;int\u00e9grit\u00e9 de vos donn\u00e9es \u00e0 caract\u00e8re personnel sont l&#8217;une de nos principales pr\u00e9occupations.<\/p>\n<p>Cette Politique de Confidentialit\u00e9 d\u00e9finit comment le revestsolutions utilise les donn\u00e9es \u00e0 caract\u00e8re personnel de ses clients, fournisseurs, partenaires et autres parties prenantes.<\/p>\n<p>Cet avis de confidentialit\u00e9 d\u00e9crit comment le revestsolutions collecte et traite les informations sur vos donn\u00e9es \u00e0 caract\u00e8re personnel ; comment il va utiliser et prot\u00e9ger ces informations et les choix que vous pouvez faire sur la fa\u00e7on dont le revestsolutions peut utiliser vos donn\u00e9es \u00e0 caract\u00e8re personnel.<\/p>\n<p>&nbsp;<\/p>\n<h3>Comment est-ce que nous recueillons vos donn\u00e9es \u00e0 caract\u00e8re personnel?<\/h3>\n<p>Le revestsolutions collecte des informations \u00e0 caract\u00e8re personnel, obligatoires et facultatives, \u00e0 l&#8217;aide du formulaire de souscription, accessible sur les sites Internet des diff\u00e9rentes entreprises.<\/p>\n<p>Afin de respecter toutes les obligations, le traitement des informations \u00e0 caract\u00e8re personnel est n\u00e9cessaire pour que nous puissions formaliser votre inscription dans notre base de donn\u00e9es pour les contacts dans le cadre de relations commerciales existantes, l&#8217;envoi de publications et autres communications.<\/p>\n<p>L&#8217;absence de ces informations peut emp\u00eacher, retarder ou bloquer le processus d&#8217;inscription et, par cons\u00e9quent, nos contacts.<\/p>\n<p>Conform\u00e9ment \u00e0 la l\u00e9gislation sur la protection des donn\u00e9es en vigueur dans l&#8217;Union europ\u00e9enne (le R\u00e8glement g\u00e9n\u00e9ral sur la protection des donn\u00e9es), l&#8217;utilisation de donn\u00e9es \u00e0 caract\u00e8re personnel doit \u00eatre justifi\u00e9e par au moins un fondement juridique pour le traitement des donn\u00e9es \u00e0 caract\u00e8re personnel, notamment:<\/p>\n<ol>\n<li>Lorsque vous avez donn\u00e9 votre consentement au traitement de vos donn\u00e9es \u00e0 caract\u00e8re personnel (\u00e0 ces fins, un formulaire de consentement pour l&#8217;utilisation de vos donn\u00e9es vous sera pr\u00e9sent\u00e9, consentement qui pourra \u00eatre retir\u00e9 par la suite);<\/li>\n<li>Si le traitement est n\u00e9cessaire pour conclure un contrat avec vous ou pour le respecter;<\/li>\n<\/ol>\n<ul>\n<li>Lorsque le traitement est n\u00e9cessaire pour satisfaire aux obligations l\u00e9gales auxquelles revestsolutions est soumis;<\/li>\n<\/ul>\n<ol>\n<li>Lorsque le traitement est n\u00e9cessaire pour atteindre un int\u00e9r\u00eat l\u00e9gitime et que nos motifs pour leur utilisation pr\u00e9valent sur vos droits de protection de donn\u00e9es;<\/li>\n<li>Lorsque le traitement est n\u00e9cessaire pour nous permettre de d\u00e9clarer, d&#8217;exercer ou de d\u00e9fendre un droit dans une proc\u00e9dure judiciaire contre vous, nous ou un tiers.<\/li>\n<\/ol>\n<p>&nbsp;<\/p>\n<p>&nbsp;<\/p>\n<h3>\u00c0 quelles fins et pour quels motifs vos donn\u00e9es \u00e0 caract\u00e8re personnel peuvent-elles \u00eatre utilis\u00e9es?<\/h3>\n<p>Nous utilisons vos informations \u00e0 caract\u00e8re personnel \u00e0 la suite de la souscription pour:<\/p>\n<ol>\n<li>contacter dans le cadre de relations commerciales existantes ou en cours;<\/li>\n<li>r\u00e9pondre aux questions pos\u00e9es dans les formulaires de contact;<\/li>\n<\/ol>\n<ul>\n<li>divulguer la newsletter du revestsolutions;<\/li>\n<\/ul>\n<ol>\n<li>maintenir les souscripteurs mis \u00e0 jour quant aux Services de revestsolutions et<\/li>\n<li>divulguer les \u00e9v\u00e9nements dans lesquels revestsolutions participe.<\/li>\n<\/ol>\n<p>&nbsp;<\/p>\n<p>&nbsp;<\/p>\n<h3>Quelles sont les donn\u00e9es que nous recueillons?<\/h3>\n<p>Les cat\u00e9gories des informations que nous pouvons vous demander incluent :<\/p>\n<ol>\n<li>Donn\u00e9es d\u2019identification &#8211; Obligatoire &#8211; (Nom);<\/li>\n<li>Contacts &#8211; Obligatoire &#8211; (Courriel et contacts t\u00e9l\u00e9phoniques);<\/li>\n<\/ol>\n<ul>\n<li>Autre information \u00e0 caract\u00e8re personnel facultatif (Employeur, profession et pays);<\/li>\n<\/ul>\n<ol>\n<li>Donn\u00e9es plus sp\u00e9cifiques, notamment sur le formulaire de recrutement (adresse, qualifications, etc., d\u00fbment identifi\u00e9es sur le formulaire de candidature).<\/li>\n<\/ol>\n<p>&nbsp;<\/p>\n<p>&nbsp;<\/p>\n<h3>Quels sont vos droits concernant vos donn\u00e9es \u00e0 caract\u00e8re personnel?<\/h3>\n<p>Veuillez nous informer de tout changement dans les informations dont nous disposons \u00e0 votre sujet afin que nous puissions disposer d&#8217;informations correctes et actualis\u00e9es dans nos syst\u00e8mes.<\/p>\n<p>Vous pouvez demander la limitation du traitement des donn\u00e9es \u00e0 caract\u00e8re personnel lorsque:<\/p>\n<ol>\n<li>Vous contestez l\u2019exactitude des donn\u00e9es \u00e0 caract\u00e8re personnel;<\/li>\n<li>Le traitement n&#8217;a pas lieu aux fins communiqu\u00e9es dans cet avis de confidentialit\u00e9;<\/li>\n<\/ol>\n<ul>\n<li>L&#8217;Entreprise n&#8217;a plus besoin de ces donn\u00e9es, parce qu&#8217;elle a, par exemple, supprim\u00e9 les publications;<\/li>\n<\/ul>\n<ol>\n<li>Vous vous \u00eates oppos\u00e9 au traitement.<\/li>\n<\/ol>\n<p>Vous pouvez vous opposer \u00e0 tout moment au traitement des donn\u00e9es \u00e0 caract\u00e8re personnel, le traitement prenant alors fin. Le retrait du consentement n&#8217;affecte pas la l\u00e9galit\u00e9 des traitements pr\u00e9c\u00e9demment effectu\u00e9s sur la base du consentement ou les autres activit\u00e9s de traitement l\u00e9galement requises.<\/p>\n<p>Vous avez \u00e9galement le droit de supprimer vos informations de la base de donn\u00e9es des abonn\u00e9s aux publications en annulant votre abonnement aux newsletters, ce qui peut se faire \u00e0 tout moment.<\/p>\n<p>Pour exercer les droits indiqu\u00e9s, veuillez nous informer par le biais des contacts indiqu\u00e9s ci-dessous \u2013 <a href=\"mailto:geral@revest.pt\">geral@revest.pt<\/a><\/p>\n<p>Si vous exercez l&#8217;un de ces droits, nous l&#8217;analyserons et vous r\u00e9pondrons dans un d\u00e9lai de 1 (un) mois.<\/p>\n<p>&nbsp;<\/p>\n<p>&nbsp;<\/p>\n<h3>Comment est-ce que nous maintenons vos donn\u00e9es \u00e0 caract\u00e8re personnel en s\u00e9curit\u00e9?<\/h3>\n<p>Nous utilisons diverses mesures de s\u00e9curit\u00e9, y compris des outils de cryptage et d&#8217;authentification, pour aider \u00e0 prot\u00e9ger et \u00e0 maintenir la s\u00e9curit\u00e9, l&#8217;int\u00e9grit\u00e9 et la disponibilit\u00e9 de vos donn\u00e9es \u00e0 caract\u00e8re personnel.<\/p>\n<p>Bien que la transmission de donn\u00e9es sur Internet ou sur un site Internet ne puisse pas garantir une s\u00e9curit\u00e9 totale contre les intrusions, nous, ainsi que nos prestataires de services et nos partenaires commerciaux, faisons tout notre possible pour mettre en \u0153uvre et maintenir des mesures de s\u00e9curit\u00e9 physiques, \u00e9lectroniques et proc\u00e9durales destin\u00e9es \u00e0 prot\u00e9ger vos donn\u00e9es \u00e0 caract\u00e8re personnel conform\u00e9ment aux exigences applicables en mati\u00e8re de protection des donn\u00e9es. Nous avons entre autres mis en \u0153uvre les mesures suivantes:<\/p>\n<ol>\n<li>Acc\u00e8s personnel limit\u00e9 \u00e0 vos donn\u00e9es \u00e0 caract\u00e8re personnel fond\u00e9 sur le crit\u00e8re du \u00ab\u00a0besoin d&#8217;en conna\u00eetre\u00a0\u00bb et uniquement aux fins communiqu\u00e9es;<\/li>\n<li>Transfert des donn\u00e9es collect\u00e9es uniquement sous forme crypt\u00e9e;<\/li>\n<\/ol>\n<ul>\n<li>Stockage des donn\u00e9es hautement confidentielles (telles que les informations relatives aux cartes de cr\u00e9dit) sous forme crypt\u00e9e uniquement;<\/li>\n<\/ul>\n<ol>\n<li>Protection des syst\u00e8mes informatiques gr\u00e2ce \u00e0 des pare-feu pour emp\u00eacher tout acc\u00e8s non autoris\u00e9 \u00e0 vos donn\u00e9es \u00e0 caract\u00e8re personnel;<\/li>\n<li>Surveillance permanente des acc\u00e8s aux syst\u00e8mes de technologie de l&#8217;information afin de pr\u00e9venir, d\u00e9tecter et emp\u00eacher l&#8217;utilisation abusive de vos donn\u00e9es \u00e0 caract\u00e8re personnel;<\/li>\n<li>L&#8217;entreprise garantit l&#8217;utilisation des meilleures techniques, mesures d&#8217;organisation et de s\u00e9curit\u00e9 pour prot\u00e9ger les informations \u00e0 caract\u00e8re personnel en \u00e9vitant leur perte, leur utilisation abusive, leur alt\u00e9ration ou leur destruction et en garantissant leur int\u00e9grit\u00e9, leur disponibilit\u00e9 et leur confidentialit\u00e9. Pour cela, nous obligeons tous nos collaborateurs \u00e0 garder les donn\u00e9es \u00e0 caract\u00e8re personnel confidentielles. Seul le personnel autoris\u00e9 et li\u00e9 par le devoir de secret et de confidentialit\u00e9 doit avoir acc\u00e8s \u00e0 ces information\u00a0;<\/li>\n<\/ol>\n<ul>\n<li>Les donn\u00e9es sont conserv\u00e9es pendant la dur\u00e9e strictement n\u00e9cessaire aux fins de leur traitement (un an dans le cas de donn\u00e9es fournies \u00e0 des fins de recrutement) ou sur d\u00e9termination l\u00e9gale ou r\u00e9glementaire. L&#8217;int\u00e9grit\u00e9 et l&#8217;acc\u00e8s aux donn\u00e9es sont garantis pendant la p\u00e9riode de r\u00e9tention;<\/li>\n<li>Une fois la p\u00e9riode de conservation maximale, compt\u00e9e \u00e0 partir du moment o\u00f9 les donn\u00e9es ont \u00e9t\u00e9 collect\u00e9es, atteinte, et si vous n&#8217;avez pas retir\u00e9 votre consentement au cours de ce d\u00e9lai, vos donn\u00e9es \u00e0 caract\u00e8re personnel seront soit rendues anonymes de mani\u00e8re irr\u00e9versible (les donn\u00e9es rendues anonymes pouvant \u00eatre conserv\u00e9es), soit d\u00e9truites de mani\u00e8re s\u00e9curis\u00e9e.<\/li>\n<\/ul>\n<p>&nbsp;<\/p>\n<p>&nbsp;<\/p>\n<h3>Avec qui pouvons-nous partager vos donn\u00e9es \u00e0 caract\u00e8re personnel?<\/h3>\n<p>En r\u00e8gle g\u00e9n\u00e9rale, le revestsolutions ne transf\u00e8re pas ou ne partage pas avec des tiers les informations concernant les donn\u00e9es \u00e0 caract\u00e8re personnel, sauf si la loi ou la r\u00e9glementation l&#8217;exige.<\/p>\n<p>Le revestsolutions peut sous-traiter des prestataires de services pour des situations o\u00f9 ce besoin existe ou lorsqu&#8217;il estime qu&#8217;il y a une plus-value. Cette pr\u00e9rogative implique la n\u00e9cessit\u00e9 de partager les informations concernant les donn\u00e9es \u00e0 caract\u00e8re personnel. Le revestsolutions prendra toutes les mesures n\u00e9cessaires pour s&#8217;assurer que les prestataires de services offrent toutes les garanties pour la sauvegarde, la s\u00e9curit\u00e9 et la confidentialit\u00e9 des donn\u00e9es \u00e0 caract\u00e8re personnel partag\u00e9es. Ils agissent exclusivement selon les instructions qui leur sont adress\u00e9es par le revestsolutions, ce qui implique la r\u00e9gulation de la relation existant par contrat.<\/p>\n<p>&nbsp;<\/p>\n<p>&nbsp;<\/p>\n<h3>Quels sont nos contacts?<\/h3>\n<p>Pour toute question concernant le traitement de vos donn\u00e9es, veuillez nous contacter \u00e0 l&#8217;adresse suivante:<\/p>\n<p>Revest solutions, s.a.<\/p>\n<p>\u00c0 l&#8217;attention du DPO<\/p>\n<p>Parque Industrial de Ada\u00fafe<\/p>\n<p>Rua Soldado Manuel Pinheiro Magalh\u00e3es, 40, lote C3<\/p>\n<p>4710-167 Braga, Portugal<\/p>\n<p>Braga T\u00e9l\u00e9phone : +351\u00a0253\u00a0092 906<\/p>\n<p>Courriel : <a href=\"mailto:geral@revest.pt\">geral@revest.pt<\/a><\/p>\n<p>&nbsp;<\/p>\n<p>Le revestsolutions s&#8217;engage \u00e0 collaborer pour trouver la meilleure et la plus juste r\u00e9solution \u00e0 toute plainte que vous pourriez pr\u00e9senter concernant le traitement des donn\u00e9es \u00e0 caract\u00e8re personnel.<\/p>\n<p>Si vous estimez que le revestsolutions n&#8217;a pas \u00e9t\u00e9 comp\u00e9tent pour r\u00e9soudre les r\u00e9clamations pr\u00e9sent\u00e9es, vous avez le droit de d\u00e9poser cette r\u00e9clamation aupr\u00e8s de l&#8217;autorit\u00e9 de contr\u00f4le comp\u00e9tente &#8211; la Commission nationale de protection des donn\u00e9es &#8211; via sa page internet \u00e0 l&#8217;adresse suivante : <a href=\"https:\/\/www.cnpd.pt\/\">https:\/\/www.cnpd.pt<\/a><\/p>\n[\/vc_column_text][\/vc_column][\/vc_row][vc_row thb_full_width=&#8221;true&#8221; content_placement=&#8221;middle&#8221; css=&#8221;.vc_custom_1598267917594{padding-top: 100px !important;padding-bottom: 100px !important;background-color: #f2f2f2 !important;}&#8221; el_class=&#8221;home_bottom_section&#8221;][vc_column fixed=&#8221;thb-fixed&#8221;]\t<a id=\"thb-button-69fdd705995c9\" class=\"btn style1 medium  black no-radius  home_bottom_button  \" href=\"https:\/\/pericia.com.pt\/wp-content\/uploads\/2021\/05\/Apresentacao_pericia.pdf\" target=\"_blank\" role=\"button\">\n\t\t\t\t\t<span class=\"thb-button-icon\"><i class=\"far fa-arrow-alt-circle-down\"><\/i><\/span><span>Fa\u00e7a download da nossa brochura<\/span>\n\t\t\t<\/a>\n\t\t[\/vc_column][\/vc_row]\n","protected":false},"excerpt":{"rendered":"<p>[vc_row thb_full_width=&#8221;true&#8221; thb_row_padding=&#8221;true&#8221; thb_column_padding=&#8221;true&#8221; full_height=&#8221;yes&#8221; content_placement=&#8221;middle&#8221; thb_scroll_bottom=&#8221;true&#8221; thb_scroll_bottom_color=&#8221;light&#8221; css=&#8221;.vc_custom_1603131552258{padding-top: 15vh !important;padding-bottom: 28vh !important;background-image: url(https:\/\/pericia.com.pt\/wp-content\/uploads\/2020\/10\/politica_privacidade.jpg?id=5657359) !important;background-position: center !important;background-repeat: no-repeat !important;background-size: cover !important;}&#8221; el_class=&#8221;custom_hide_desktop custom_full_screen&#8221;][vc_column thb_color=&#8221;thb-light-column&#8221; offset=&#8221;vc_hidden-lg vc_hidden-md&#8221;][vc_row_inner content_placement=&#8221;middle&#8221;][vc_column_inner offset=&#8221;vc_col-lg-6 vc_col-md-9&#8243; css=&#8221;.vc_custom_1600510683029{padding-top: 70px !important;}&#8221;][vc_empty_space height=&#8221;10px&#8221;][vc_column_text animation=&#8221;animation fade-in&#8221;] A confidencialidade e a integridade dos seus dados pessoais \u00e9 uma das nossas principais preocupa\u00e7\u00f5es. [\/vc_column_text][vc_empty_space height=&#8221;20px&#8221;][\/vc_column_inner][\/vc_row_inner][\/vc_column][\/vc_row][vc_row thb_full_width=&#8221;true&#8221; thb_row_padding=&#8221;true&#8221; thb_column_padding=&#8221;true&#8221;&hellip;<\/p>\n","protected":false},"author":1,"featured_media":0,"parent":0,"menu_order":0,"comment_status":"closed","ping_status":"closed","template":"","meta":{"inline_featured_image":false},"yoast_head":"<!-- This site is optimized with the Yoast SEO plugin v17.0 - https:\/\/yoast.com\/wordpress\/plugins\/seo\/ -->\n<title>Politique De Confidentialit\u00e9 - Per\u00edcia<\/title>\n<meta name=\"robots\" content=\"index, follow, max-snippet:-1, max-image-preview:large, max-video-preview:-1\" \/>\n<link rel=\"canonical\" href=\"https:\/\/pericia.com.pt\/fr\/politique-de-confidentialite\/\" \/>\n<meta property=\"og:locale\" content=\"fr_FR\" \/>\n<meta property=\"og:type\" content=\"article\" \/>\n<meta property=\"og:title\" content=\"Politique De Confidentialit\u00e9 - Per\u00edcia\" \/>\n<meta property=\"og:description\" content=\"[vc_row thb_full_width=&#8221;true&#8221; thb_row_padding=&#8221;true&#8221; thb_column_padding=&#8221;true&#8221; full_height=&#8221;yes&#8221; content_placement=&#8221;middle&#8221; thb_scroll_bottom=&#8221;true&#8221; thb_scroll_bottom_color=&#8221;light&#8221; css=&#8221;.vc_custom_1603131552258{padding-top: 15vh !important;padding-bottom: 28vh !important;background-image: url(https:\/\/pericia.com.pt\/wp-content\/uploads\/2020\/10\/politica_privacidade.jpg?id=5657359) !important;background-position: center !important;background-repeat: no-repeat !important;background-size: cover !important;}&#8221; el_class=&#8221;custom_hide_desktop custom_full_screen&#8221;][vc_column thb_color=&#8221;thb-light-column&#8221; offset=&#8221;vc_hidden-lg vc_hidden-md&#8221;][vc_row_inner content_placement=&#8221;middle&#8221;][vc_column_inner offset=&#8221;vc_col-lg-6 vc_col-md-9&#8243; css=&#8221;.vc_custom_1600510683029{padding-top: 70px !important;}&#8221;][vc_empty_space height=&#8221;10px&#8221;][vc_column_text animation=&#8221;animation fade-in&#8221;] A confidencialidade e a integridade dos seus dados pessoais \u00e9 uma das nossas principais preocupa\u00e7\u00f5es. [\/vc_column_text][vc_empty_space height=&#8221;20px&#8221;][\/vc_column_inner][\/vc_row_inner][\/vc_column][\/vc_row][vc_row thb_full_width=&#8221;true&#8221; thb_row_padding=&#8221;true&#8221; thb_column_padding=&#8221;true&#8221;&hellip;\" \/>\n<meta property=\"og:url\" content=\"https:\/\/pericia.com.pt\/fr\/politique-de-confidentialite\/\" \/>\n<meta property=\"og:site_name\" content=\"Per\u00edcia\" \/>\n<meta property=\"article:modified_time\" content=\"2021-05-27T16:17:47+00:00\" \/>\n<meta name=\"twitter:card\" content=\"summary_large_image\" \/>\n<meta name=\"twitter:label1\" content=\"Dur\u00e9e de lecture est.\" \/>\n\t<meta name=\"twitter:data1\" content=\"7 minutes\" \/>\n<script type=\"application\/ld+json\" class=\"yoast-schema-graph\">{\"@context\":\"https:\/\/schema.org\",\"@graph\":[{\"@type\":\"WebSite\",\"@id\":\"https:\/\/pericia.com.pt\/#website\",\"url\":\"https:\/\/pericia.com.pt\/\",\"name\":\"Per\\u00edcia\",\"description\":\"Experi\\u00eancia. Inova\\u00e7\\u00e3o. Constru\\u00e7\\u00e3o.\",\"potentialAction\":[{\"@type\":\"SearchAction\",\"target\":{\"@type\":\"EntryPoint\",\"urlTemplate\":\"https:\/\/pericia.com.pt\/?s={search_term_string}\"},\"query-input\":\"required name=search_term_string\"}],\"inLanguage\":\"fr-FR\"},{\"@type\":\"WebPage\",\"@id\":\"https:\/\/pericia.com.pt\/fr\/politique-de-confidentialite\/#webpage\",\"url\":\"https:\/\/pericia.com.pt\/fr\/politique-de-confidentialite\/\",\"name\":\"Politique De Confidentialit\\u00e9 - Per\\u00edcia\",\"isPartOf\":{\"@id\":\"https:\/\/pericia.com.pt\/#website\"},\"datePublished\":\"2020-10-19T14:52:42+00:00\",\"dateModified\":\"2021-05-27T16:17:47+00:00\",\"breadcrumb\":{\"@id\":\"https:\/\/pericia.com.pt\/fr\/politique-de-confidentialite\/#breadcrumb\"},\"inLanguage\":\"fr-FR\",\"potentialAction\":[{\"@type\":\"ReadAction\",\"target\":[\"https:\/\/pericia.com.pt\/fr\/politique-de-confidentialite\/\"]}]},{\"@type\":\"BreadcrumbList\",\"@id\":\"https:\/\/pericia.com.pt\/fr\/politique-de-confidentialite\/#breadcrumb\",\"itemListElement\":[{\"@type\":\"ListItem\",\"position\":1,\"name\":\"In\\u00edcio\",\"item\":\"https:\/\/pericia.com.pt\/fr\/\"},{\"@type\":\"ListItem\",\"position\":2,\"name\":\"Politique De Confidentialit\\u00e9\"}]}]}<\/script>\n<!-- \/ Yoast SEO plugin. -->","yoast_head_json":{"title":"Politique De Confidentialit\u00e9 - Per\u00edcia","robots":{"index":"index","follow":"follow","max-snippet":"max-snippet:-1","max-image-preview":"max-image-preview:large","max-video-preview":"max-video-preview:-1"},"canonical":"https:\/\/pericia.com.pt\/fr\/politique-de-confidentialite\/","og_locale":"fr_FR","og_type":"article","og_title":"Politique De Confidentialit\u00e9 - Per\u00edcia","og_description":"[vc_row thb_full_width=&#8221;true&#8221; thb_row_padding=&#8221;true&#8221; thb_column_padding=&#8221;true&#8221; full_height=&#8221;yes&#8221; content_placement=&#8221;middle&#8221; thb_scroll_bottom=&#8221;true&#8221; thb_scroll_bottom_color=&#8221;light&#8221; css=&#8221;.vc_custom_1603131552258{padding-top: 15vh !important;padding-bottom: 28vh !important;background-image: url(https:\/\/pericia.com.pt\/wp-content\/uploads\/2020\/10\/politica_privacidade.jpg?id=5657359) !important;background-position: center !important;background-repeat: no-repeat !important;background-size: cover !important;}&#8221; el_class=&#8221;custom_hide_desktop custom_full_screen&#8221;][vc_column thb_color=&#8221;thb-light-column&#8221; offset=&#8221;vc_hidden-lg vc_hidden-md&#8221;][vc_row_inner content_placement=&#8221;middle&#8221;][vc_column_inner offset=&#8221;vc_col-lg-6 vc_col-md-9&#8243; css=&#8221;.vc_custom_1600510683029{padding-top: 70px !important;}&#8221;][vc_empty_space height=&#8221;10px&#8221;][vc_column_text animation=&#8221;animation fade-in&#8221;] A confidencialidade e a integridade dos seus dados pessoais \u00e9 uma das nossas principais preocupa\u00e7\u00f5es. [\/vc_column_text][vc_empty_space height=&#8221;20px&#8221;][\/vc_column_inner][\/vc_row_inner][\/vc_column][\/vc_row][vc_row thb_full_width=&#8221;true&#8221; thb_row_padding=&#8221;true&#8221; thb_column_padding=&#8221;true&#8221;&hellip;","og_url":"https:\/\/pericia.com.pt\/fr\/politique-de-confidentialite\/","og_site_name":"Per\u00edcia","article_modified_time":"2021-05-27T16:17:47+00:00","twitter_card":"summary_large_image","twitter_misc":{"Dur\u00e9e de lecture est.":"7 minutes"},"schema":{"@context":"https:\/\/schema.org","@graph":[{"@type":"WebSite","@id":"https:\/\/pericia.com.pt\/#website","url":"https:\/\/pericia.com.pt\/","name":"Per\u00edcia","description":"Experi\u00eancia. Inova\u00e7\u00e3o. Constru\u00e7\u00e3o.","potentialAction":[{"@type":"SearchAction","target":{"@type":"EntryPoint","urlTemplate":"https:\/\/pericia.com.pt\/?s={search_term_string}"},"query-input":"required name=search_term_string"}],"inLanguage":"fr-FR"},{"@type":"WebPage","@id":"https:\/\/pericia.com.pt\/fr\/politique-de-confidentialite\/#webpage","url":"https:\/\/pericia.com.pt\/fr\/politique-de-confidentialite\/","name":"Politique De Confidentialit\u00e9 - Per\u00edcia","isPartOf":{"@id":"https:\/\/pericia.com.pt\/#website"},"datePublished":"2020-10-19T14:52:42+00:00","dateModified":"2021-05-27T16:17:47+00:00","breadcrumb":{"@id":"https:\/\/pericia.com.pt\/fr\/politique-de-confidentialite\/#breadcrumb"},"inLanguage":"fr-FR","potentialAction":[{"@type":"ReadAction","target":["https:\/\/pericia.com.pt\/fr\/politique-de-confidentialite\/"]}]},{"@type":"BreadcrumbList","@id":"https:\/\/pericia.com.pt\/fr\/politique-de-confidentialite\/#breadcrumb","itemListElement":[{"@type":"ListItem","position":1,"name":"In\u00edcio","item":"https:\/\/pericia.com.pt\/fr\/"},{"@type":"ListItem","position":2,"name":"Politique De Confidentialit\u00e9"}]}]}},"_links":{"self":[{"href":"https:\/\/pericia.com.pt\/fr\/wp-json\/wp\/v2\/pages\/5657773"}],"collection":[{"href":"https:\/\/pericia.com.pt\/fr\/wp-json\/wp\/v2\/pages"}],"about":[{"href":"https:\/\/pericia.com.pt\/fr\/wp-json\/wp\/v2\/types\/page"}],"author":[{"embeddable":true,"href":"https:\/\/pericia.com.pt\/fr\/wp-json\/wp\/v2\/users\/1"}],"replies":[{"embeddable":true,"href":"https:\/\/pericia.com.pt\/fr\/wp-json\/wp\/v2\/comments?post=5657773"}],"version-history":[{"count":3,"href":"https:\/\/pericia.com.pt\/fr\/wp-json\/wp\/v2\/pages\/5657773\/revisions"}],"predecessor-version":[{"id":5657833,"href":"https:\/\/pericia.com.pt\/fr\/wp-json\/wp\/v2\/pages\/5657773\/revisions\/5657833"}],"wp:attachment":[{"href":"https:\/\/pericia.com.pt\/fr\/wp-json\/wp\/v2\/media?parent=5657773"}],"curies":[{"name":"wp","href":"https:\/\/api.w.org\/{rel}","templated":true}]}}