{"id":5657771,"date":"2020-10-19T14:52:42","date_gmt":"2020-10-19T14:52:42","guid":{"rendered":"https:\/\/pericia.com.pt\/politica-de-privacidade\/"},"modified":"2021-05-24T11:03:19","modified_gmt":"2021-05-24T11:03:19","slug":"privacy-policy","status":"publish","type":"page","link":"https:\/\/pericia.com.pt\/en\/privacy-policy\/","title":{"rendered":"Privacy Policy"},"content":{"rendered":"[vc_row thb_full_width=&#8221;true&#8221; thb_row_padding=&#8221;true&#8221; thb_column_padding=&#8221;true&#8221; full_height=&#8221;yes&#8221; content_placement=&#8221;middle&#8221; thb_scroll_bottom=&#8221;true&#8221; thb_scroll_bottom_color=&#8221;light&#8221; css=&#8221;.vc_custom_1603131552258{padding-top: 15vh !important;padding-bottom: 28vh !important;background-image: url(https:\/\/pericia.com.pt\/wp-content\/uploads\/2020\/10\/politica_privacidade.jpg?id=5657359) !important;background-position: center !important;background-repeat: no-repeat !important;background-size: cover !important;}&#8221; el_class=&#8221;custom_hide_desktop custom_full_screen&#8221;][vc_column thb_color=&#8221;thb-light-column&#8221; offset=&#8221;vc_hidden-lg vc_hidden-md&#8221;][vc_row_inner content_placement=&#8221;middle&#8221;][vc_column_inner offset=&#8221;vc_col-lg-6 vc_col-md-9&#8243; css=&#8221;.vc_custom_1600510683029{padding-top: 70px !important;}&#8221;]\t<div id=\"thb-slidetype-69fdd5fb92ce0\" class=\"thb-slidetype \" data-style=\"style1\">\n\t\t\n<h1><span class=\"thb-slidetype-entry\"><span class=\"lines\">Pol\u00edtica de privacidade<\/span><\/span><\/h1>\n\t\t\t<\/div>\n\n\t[vc_empty_space height=&#8221;10px&#8221;][vc_column_text animation=&#8221;animation fade-in&#8221;]\n<h4><strong>A confidencialidade e a integridade dos seus dados pessoais \u00e9 uma das nossas principais preocupa\u00e7\u00f5es.<\/strong><\/h4>\n[\/vc_column_text][vc_empty_space height=&#8221;20px&#8221;][\/vc_column_inner][\/vc_row_inner][\/vc_column][\/vc_row][vc_row thb_full_width=&#8221;true&#8221; thb_row_padding=&#8221;true&#8221; thb_column_padding=&#8221;true&#8221; full_height=&#8221;yes&#8221; content_placement=&#8221;middle&#8221; thb_scroll_bottom=&#8221;true&#8221; thb_scroll_bottom_style=&#8221;style3&#8243; thb_scroll_bottom_color=&#8221;light&#8221; css=&#8221;.vc_custom_1603131566392{padding-bottom: 28vh !important;background-image: url(https:\/\/pericia.com.pt\/wp-content\/uploads\/2020\/10\/politica_privacidade.jpg?id=5657359) !important;background-position: center !important;background-repeat: no-repeat !important;background-size: cover !important;}&#8221; el_class=&#8221;custom_hide_mobile custom_full_screen&#8221;][vc_column thb_color=&#8221;thb-light-column&#8221; offset=&#8221;vc_hidden-sm vc_hidden-xs&#8221;][vc_row_inner][vc_column_inner offset=&#8221;vc_col-lg-6 vc_col-md-9&#8243; css=&#8221;.vc_custom_1598732559822{padding-top: 250px !important;}&#8221;]\t<div id=\"thb-slidetype-69fdd5fb92d26\" class=\"thb-slidetype \" data-style=\"style1\">\n\t\t\n<h1><span class=\"thb-slidetype-entry\"><span class=\"lines\">Privacy policy<\/span><\/span><\/h1>\n\t\t\t<\/div>\n\n\t[vc_empty_space height=&#8221;10px&#8221;][vc_column_text animation=&#8221;animation fade-in&#8221;]<strong>LEGAL INFORMATION ON DATA PROTECTION<\/strong>[\/vc_column_text][vc_empty_space height=&#8221;20px&#8221;][\/vc_column_inner][\/vc_row_inner][\/vc_column][\/vc_row][vc_row css=&#8221;.vc_custom_1613401597691{padding-top: 100px !important;padding-right: 10% !important;padding-bottom: 100px !important;padding-left: 10% !important;}&#8221;][vc_column][vc_column_text]At per\u00edcia we understand that the use of your personal data requires your trust. We are subject to the highest privacy standards and we shall only use your personal data for clearly identified purposes and in accordance with your data protection rights.<\/p>\n<p>The confidentiality and integrity of your personal data is one of our main concerns.<\/p>\n<p>This Privacy Policy establishes how per\u00edcia uses the personal data of its clients, suppliers, partners, and other stakeholders.<\/p>\n<p>This privacy notice describes how per\u00edcia collects and processes your personal data information; how it shall use and protect this information; and the choices you can make about how per\u00edcia can use your personal data.<\/p>\n<p>&nbsp;<\/p>\n<h2>How do we collect your personal data?<\/h2>\n<p>Per\u00edcia collects personal information of a mandatory and optional nature using the subscription form that is accessible via the websites of the different companies.<\/p>\n<p>In order to fulfil all obligations, the processing of personal information is required in order to be able to formalize your registration in our database for contacts within the scope of existing business relations, sending publications and other communications.<\/p>\n<p>The lack of this information may prevent or delay or block the registration process and, consequently, our contacts.<\/p>\n<p>Under the terms of data protection legislation in force in the European Union (the General Data Protection Regulation), the use of personal data must be justified under, at least, one legal basis for the processing of personal data, namely:<\/p>\n<ol>\n<li>When you have given consent to the processing of your personal data (for these purposes, you will be given a consent form for the use of your data, and this consent may be withdrawn later);<\/li>\n<li>When processing is required to conclude a contract with you or proceed with its performance;<\/li>\n<\/ol>\n<ul>\n<li>When processing is required to comply with the legal obligations to which per\u00edcia is subject;<\/li>\n<\/ul>\n<ol>\n<li>When processing is required to achieve a legitimate interest and our reasons for using it prevail over your data protection rights;<\/li>\n<li>When processing is required so that we can declare, exercise, or defend a right in a lawsuit against you, us or a third party.<\/li>\n<\/ol>\n<p>&nbsp;<\/p>\n<p>&nbsp;<\/p>\n<h2>For what purposes and on what basis can your personal data be used?<\/h2>\n<p>We use your personal information as a result of the subscription to:<\/p>\n<ol>\n<li>contact within the scope of existing or future business relations;<\/li>\n<li>answer questions asked in contact forms;<\/li>\n<\/ol>\n<ul>\n<li>disseminate per\u00edcia newsletter;<\/li>\n<\/ul>\n<ol>\n<li>keep subscribers up to date with per\u00edcia services and<\/li>\n<li>publicize events in which per\u00edcia participates.<\/li>\n<\/ol>\n<p>&nbsp;<\/p>\n<p>&nbsp;<\/p>\n<h2>What data do we collect?<\/h2>\n<p>The categories of information we may ask you for include:<\/p>\n<ol>\n<li>Identification data &#8211; Mandatory &#8211; (Name);<\/li>\n<li>Contact Information &#8211; Mandatory &#8211; (Email and telephone);<\/li>\n<\/ol>\n<ul>\n<li>Other optional personal information (Employer, occupation, and country);<\/li>\n<\/ul>\n<ol>\n<li>More specific data, namely in the recruitment form (address, qualifications, among others, duly identified in the application form).<\/li>\n<\/ol>\n<p>&nbsp;<\/p>\n<p>&nbsp;<\/p>\n<h2>What are your rights regarding your personal data?<\/h2>\n<p>We appreciate that you inform us of any changes in the information we have on you so that we have correct and up to date information in our systems.<\/p>\n<p>You can request to limit the processing of personal data, whenever:<\/p>\n<ol>\n<li>You challenge the accuracy of personal data;<\/li>\n<li>The processing does not take place for the purposes communicated in this privacy notice;<\/li>\n<\/ol>\n<ul>\n<li>The Company no longer needs the data, for example because it stopped the publications;<\/li>\n<\/ul>\n<ol>\n<li>If you have opposed the processing.<\/li>\n<\/ol>\n<p>You can oppose the processing of personal data at any time, and the processing stops. The withdrawal of consent does not affect lawfulness of previously performed processing based on consent or other legally required processing activities.<\/p>\n<p>You also have the right to get your information deleted from the publication subscriber database by cancelling the subscription to newsletters, which may occur at any time.<\/p>\n<p>For the exercise of your rights, please inform us using the contact information below \u2013 <u>geral@pericia.com.pt<\/u><\/p>\n<p>If you exercise any of these rights, we shall analyse it and answer predictably within 1 (one) month.<\/p>\n<p>&nbsp;<\/p>\n<p>&nbsp;<\/p>\n<h2>How do we keep your personal data safe?<\/h2>\n<p>We use several security measures, including encryption and authentication tools, to help protect and maintain the security, integrity, and availability of your personal data.<\/p>\n<p>Although data transmission over the internet or website cannot guarantee full security against intrusions, we and our service providers and business partners make the best efforts to implement and keep physical, electronic and procedural security measures designed to protect your personal data in accordance with the applicable data protection requirements. Among others, we have implemented the following:<\/p>\n<ol>\n<li>Restricted personal access to your personal data based on the \u201cneed to know\u201d criterion and only within the scope of the communicated purposes;<\/li>\n<li>Collected data transmission only in an encrypted form;<\/li>\n<\/ol>\n<ul>\n<li>Storage of highly confidential data (such as credit card information) only in an encrypted form;<\/li>\n<\/ul>\n<ol>\n<li>Protection of information technology systems through firewalls in order to prevent unauthorized access to your personal data;<\/li>\n<li>Permanent monitoring of access to information technology systems in order to detect and prevent the misuse of your personal data;<\/li>\n<li>The company guarantees the use of the best techniques, organizational and security measures, to protect personal information by preventing its loss, misuse, alteration, or destruction, ensuring its integrity, availability, and confidentiality. For this, all employees are required to keep personal data confidential. Only personnel authorized and subject to the duty of secrecy and confidentiality should have access to this information;<\/li>\n<\/ol>\n<ul>\n<li>The data shall be kept for the period of time strictly required for the purposes of its processing (one year, in the case of data provided for recruitment purposes) or by legal or regulatory requirements. Integrity and access to data are guaranteed throughout the retention period;<\/li>\n<li>When the maximum retention period has been reached, commencing from the moment of the data collection, and if, within this period, you have not withdrawn your consent, your personal data shall be irreversibly anonymised (anonymised data may be kept) or they shall be destroyed in a safely manner.<\/li>\n<\/ul>\n<p>&nbsp;<\/p>\n<h2>Who we may share your personal data with?<\/h2>\n<p>As a rule, per\u00edcia does not transmit or share personal data information with third parties, unless required to do so by legal or regulatory requirements.<\/p>\n<p>Per\u00edcia may outsource service provider services for situations where this need exists or where it considers there is an added value. This prerogative involves the need to share personal data information. Per\u00edcia shall take all necessary measures to ensure that service providers offer all guarantees of safeguard, security, and confidentiality of shared personal data. They act exclusively in accordance with the instructions given to them by per\u00edcia, which involves the regulation of the existing contractual relationship.<\/p>\n<p>&nbsp;<\/p>\n<h2>Our contact information<\/h2>\n<p>For any matter relating to the processing of your personal data, please use the following to contact us:<\/p>\n<p>Periciargumento, s.a.<\/p>\n<p>Att. DPO<\/p>\n<p>Parque Industrial de Ada\u00fafe<\/p>\n<p>Rua Soldado Manuel Pinheiro Magalh\u00e3es, 4, lote C3<\/p>\n<p>4710-167 Braga, Portugal<\/p>\n<p>Braga Telephone: +351\u00a0253\u00a0092 906<\/p>\n<p>Email: <u>geral@pericia.com.pt<\/u><\/p>\n<p>&nbsp;<\/p>\n<p>Per\u00edcia undertakes to collaborate in the search for the best and fairest resolutions for complaints related to the processing of personal data that you may have submitted.<\/p>\n<p>If you believe that per\u00edcia was not competent to resolve the complaints submitted, you have the right to submit that complaint to the competent data protection authority &#8211; National Commission for Data Protection &#8211; via its website: <a href=\"https:\/\/www.cnpd.pt\">https:\/\/www.cnpd.pt<\/a>[\/vc_column_text][\/vc_column][\/vc_row][vc_row thb_full_width=&#8221;true&#8221; content_placement=&#8221;middle&#8221; css=&#8221;.vc_custom_1598267917594{padding-top: 100px !important;padding-bottom: 100px !important;background-color: #f2f2f2 !important;}&#8221; el_class=&#8221;home_bottom_section&#8221;][vc_column fixed=&#8221;thb-fixed&#8221;]\t<a id=\"thb-button-69fdd5fb92d74\" class=\"btn style1 medium  black no-radius  home_bottom_button  \" href=\"\" target=\"_self\" role=\"button\">\n\t\t\t\t\t<span class=\"thb-button-icon\"><i class=\"far fa-arrow-alt-circle-down\"><\/i><\/span><span>Fa\u00e7a download da nossa brochura<\/span>\n\t\t\t<\/a>\n\t\t[\/vc_column][\/vc_row]\n","protected":false},"excerpt":{"rendered":"<p>[vc_row thb_full_width=&#8221;true&#8221; thb_row_padding=&#8221;true&#8221; thb_column_padding=&#8221;true&#8221; full_height=&#8221;yes&#8221; content_placement=&#8221;middle&#8221; thb_scroll_bottom=&#8221;true&#8221; thb_scroll_bottom_color=&#8221;light&#8221; css=&#8221;.vc_custom_1603131552258{padding-top: 15vh !important;padding-bottom: 28vh !important;background-image: url(https:\/\/pericia.com.pt\/wp-content\/uploads\/2020\/10\/politica_privacidade.jpg?id=5657359) !important;background-position: center !important;background-repeat: no-repeat !important;background-size: cover !important;}&#8221; el_class=&#8221;custom_hide_desktop custom_full_screen&#8221;][vc_column thb_color=&#8221;thb-light-column&#8221; offset=&#8221;vc_hidden-lg vc_hidden-md&#8221;][vc_row_inner content_placement=&#8221;middle&#8221;][vc_column_inner offset=&#8221;vc_col-lg-6 vc_col-md-9&#8243; css=&#8221;.vc_custom_1600510683029{padding-top: 70px !important;}&#8221;][vc_empty_space height=&#8221;10px&#8221;][vc_column_text animation=&#8221;animation fade-in&#8221;] A confidencialidade e a integridade dos seus dados pessoais \u00e9 uma das nossas principais preocupa\u00e7\u00f5es. [\/vc_column_text][vc_empty_space height=&#8221;20px&#8221;][\/vc_column_inner][\/vc_row_inner][\/vc_column][\/vc_row][vc_row thb_full_width=&#8221;true&#8221; thb_row_padding=&#8221;true&#8221; thb_column_padding=&#8221;true&#8221;&hellip;<\/p>\n","protected":false},"author":1,"featured_media":0,"parent":0,"menu_order":0,"comment_status":"closed","ping_status":"closed","template":"","meta":{"inline_featured_image":false},"yoast_head":"<!-- This site is optimized with the Yoast SEO plugin v17.0 - https:\/\/yoast.com\/wordpress\/plugins\/seo\/ -->\n<title>Privacy Policy - Per\u00edcia<\/title>\n<meta name=\"robots\" content=\"index, follow, max-snippet:-1, max-image-preview:large, max-video-preview:-1\" \/>\n<link rel=\"canonical\" href=\"https:\/\/pericia.com.pt\/en\/privacy-policy\/\" \/>\n<meta property=\"og:locale\" content=\"en_US\" \/>\n<meta property=\"og:type\" content=\"article\" \/>\n<meta property=\"og:title\" content=\"Privacy Policy - Per\u00edcia\" \/>\n<meta property=\"og:description\" content=\"[vc_row thb_full_width=&#8221;true&#8221; thb_row_padding=&#8221;true&#8221; thb_column_padding=&#8221;true&#8221; full_height=&#8221;yes&#8221; content_placement=&#8221;middle&#8221; thb_scroll_bottom=&#8221;true&#8221; thb_scroll_bottom_color=&#8221;light&#8221; css=&#8221;.vc_custom_1603131552258{padding-top: 15vh !important;padding-bottom: 28vh !important;background-image: url(https:\/\/pericia.com.pt\/wp-content\/uploads\/2020\/10\/politica_privacidade.jpg?id=5657359) !important;background-position: center !important;background-repeat: no-repeat !important;background-size: cover !important;}&#8221; el_class=&#8221;custom_hide_desktop custom_full_screen&#8221;][vc_column thb_color=&#8221;thb-light-column&#8221; offset=&#8221;vc_hidden-lg vc_hidden-md&#8221;][vc_row_inner content_placement=&#8221;middle&#8221;][vc_column_inner offset=&#8221;vc_col-lg-6 vc_col-md-9&#8243; css=&#8221;.vc_custom_1600510683029{padding-top: 70px !important;}&#8221;][vc_empty_space height=&#8221;10px&#8221;][vc_column_text animation=&#8221;animation fade-in&#8221;] A confidencialidade e a integridade dos seus dados pessoais \u00e9 uma das nossas principais preocupa\u00e7\u00f5es. [\/vc_column_text][vc_empty_space height=&#8221;20px&#8221;][\/vc_column_inner][\/vc_row_inner][\/vc_column][\/vc_row][vc_row thb_full_width=&#8221;true&#8221; thb_row_padding=&#8221;true&#8221; thb_column_padding=&#8221;true&#8221;&hellip;\" \/>\n<meta property=\"og:url\" content=\"https:\/\/pericia.com.pt\/en\/privacy-policy\/\" \/>\n<meta property=\"og:site_name\" content=\"Per\u00edcia\" \/>\n<meta property=\"article:modified_time\" content=\"2021-05-24T11:03:19+00:00\" \/>\n<meta name=\"twitter:card\" content=\"summary_large_image\" \/>\n<meta name=\"twitter:label1\" content=\"Est. reading time\" \/>\n\t<meta name=\"twitter:data1\" content=\"6 minutes\" \/>\n<script type=\"application\/ld+json\" class=\"yoast-schema-graph\">{\"@context\":\"https:\/\/schema.org\",\"@graph\":[{\"@type\":\"WebSite\",\"@id\":\"https:\/\/pericia.com.pt\/#website\",\"url\":\"https:\/\/pericia.com.pt\/\",\"name\":\"Per\\u00edcia\",\"description\":\"Experi\\u00eancia. Inova\\u00e7\\u00e3o. Constru\\u00e7\\u00e3o.\",\"potentialAction\":[{\"@type\":\"SearchAction\",\"target\":{\"@type\":\"EntryPoint\",\"urlTemplate\":\"https:\/\/pericia.com.pt\/?s={search_term_string}\"},\"query-input\":\"required name=search_term_string\"}],\"inLanguage\":\"en-US\"},{\"@type\":\"WebPage\",\"@id\":\"https:\/\/pericia.com.pt\/en\/privacy-policy\/#webpage\",\"url\":\"https:\/\/pericia.com.pt\/en\/privacy-policy\/\",\"name\":\"Privacy Policy - Per\\u00edcia\",\"isPartOf\":{\"@id\":\"https:\/\/pericia.com.pt\/#website\"},\"datePublished\":\"2020-10-19T14:52:42+00:00\",\"dateModified\":\"2021-05-24T11:03:19+00:00\",\"breadcrumb\":{\"@id\":\"https:\/\/pericia.com.pt\/en\/privacy-policy\/#breadcrumb\"},\"inLanguage\":\"en-US\",\"potentialAction\":[{\"@type\":\"ReadAction\",\"target\":[\"https:\/\/pericia.com.pt\/en\/privacy-policy\/\"]}]},{\"@type\":\"BreadcrumbList\",\"@id\":\"https:\/\/pericia.com.pt\/en\/privacy-policy\/#breadcrumb\",\"itemListElement\":[{\"@type\":\"ListItem\",\"position\":1,\"name\":\"In\\u00edcio\",\"item\":\"https:\/\/pericia.com.pt\/en\/\"},{\"@type\":\"ListItem\",\"position\":2,\"name\":\"Privacy Policy\"}]}]}<\/script>\n<!-- \/ Yoast SEO plugin. -->","yoast_head_json":{"title":"Privacy Policy - Per\u00edcia","robots":{"index":"index","follow":"follow","max-snippet":"max-snippet:-1","max-image-preview":"max-image-preview:large","max-video-preview":"max-video-preview:-1"},"canonical":"https:\/\/pericia.com.pt\/en\/privacy-policy\/","og_locale":"en_US","og_type":"article","og_title":"Privacy Policy - Per\u00edcia","og_description":"[vc_row thb_full_width=&#8221;true&#8221; thb_row_padding=&#8221;true&#8221; thb_column_padding=&#8221;true&#8221; full_height=&#8221;yes&#8221; content_placement=&#8221;middle&#8221; thb_scroll_bottom=&#8221;true&#8221; thb_scroll_bottom_color=&#8221;light&#8221; css=&#8221;.vc_custom_1603131552258{padding-top: 15vh !important;padding-bottom: 28vh !important;background-image: url(https:\/\/pericia.com.pt\/wp-content\/uploads\/2020\/10\/politica_privacidade.jpg?id=5657359) !important;background-position: center !important;background-repeat: no-repeat !important;background-size: cover !important;}&#8221; el_class=&#8221;custom_hide_desktop custom_full_screen&#8221;][vc_column thb_color=&#8221;thb-light-column&#8221; offset=&#8221;vc_hidden-lg vc_hidden-md&#8221;][vc_row_inner content_placement=&#8221;middle&#8221;][vc_column_inner offset=&#8221;vc_col-lg-6 vc_col-md-9&#8243; css=&#8221;.vc_custom_1600510683029{padding-top: 70px !important;}&#8221;][vc_empty_space height=&#8221;10px&#8221;][vc_column_text animation=&#8221;animation fade-in&#8221;] A confidencialidade e a integridade dos seus dados pessoais \u00e9 uma das nossas principais preocupa\u00e7\u00f5es. [\/vc_column_text][vc_empty_space height=&#8221;20px&#8221;][\/vc_column_inner][\/vc_row_inner][\/vc_column][\/vc_row][vc_row thb_full_width=&#8221;true&#8221; thb_row_padding=&#8221;true&#8221; thb_column_padding=&#8221;true&#8221;&hellip;","og_url":"https:\/\/pericia.com.pt\/en\/privacy-policy\/","og_site_name":"Per\u00edcia","article_modified_time":"2021-05-24T11:03:19+00:00","twitter_card":"summary_large_image","twitter_misc":{"Est. reading time":"6 minutes"},"schema":{"@context":"https:\/\/schema.org","@graph":[{"@type":"WebSite","@id":"https:\/\/pericia.com.pt\/#website","url":"https:\/\/pericia.com.pt\/","name":"Per\u00edcia","description":"Experi\u00eancia. Inova\u00e7\u00e3o. Constru\u00e7\u00e3o.","potentialAction":[{"@type":"SearchAction","target":{"@type":"EntryPoint","urlTemplate":"https:\/\/pericia.com.pt\/?s={search_term_string}"},"query-input":"required name=search_term_string"}],"inLanguage":"en-US"},{"@type":"WebPage","@id":"https:\/\/pericia.com.pt\/en\/privacy-policy\/#webpage","url":"https:\/\/pericia.com.pt\/en\/privacy-policy\/","name":"Privacy Policy - Per\u00edcia","isPartOf":{"@id":"https:\/\/pericia.com.pt\/#website"},"datePublished":"2020-10-19T14:52:42+00:00","dateModified":"2021-05-24T11:03:19+00:00","breadcrumb":{"@id":"https:\/\/pericia.com.pt\/en\/privacy-policy\/#breadcrumb"},"inLanguage":"en-US","potentialAction":[{"@type":"ReadAction","target":["https:\/\/pericia.com.pt\/en\/privacy-policy\/"]}]},{"@type":"BreadcrumbList","@id":"https:\/\/pericia.com.pt\/en\/privacy-policy\/#breadcrumb","itemListElement":[{"@type":"ListItem","position":1,"name":"In\u00edcio","item":"https:\/\/pericia.com.pt\/en\/"},{"@type":"ListItem","position":2,"name":"Privacy Policy"}]}]}},"_links":{"self":[{"href":"https:\/\/pericia.com.pt\/en\/wp-json\/wp\/v2\/pages\/5657771"}],"collection":[{"href":"https:\/\/pericia.com.pt\/en\/wp-json\/wp\/v2\/pages"}],"about":[{"href":"https:\/\/pericia.com.pt\/en\/wp-json\/wp\/v2\/types\/page"}],"author":[{"embeddable":true,"href":"https:\/\/pericia.com.pt\/en\/wp-json\/wp\/v2\/users\/1"}],"replies":[{"embeddable":true,"href":"https:\/\/pericia.com.pt\/en\/wp-json\/wp\/v2\/comments?post=5657771"}],"version-history":[{"count":4,"href":"https:\/\/pericia.com.pt\/en\/wp-json\/wp\/v2\/pages\/5657771\/revisions"}],"predecessor-version":[{"id":5657778,"href":"https:\/\/pericia.com.pt\/en\/wp-json\/wp\/v2\/pages\/5657771\/revisions\/5657778"}],"wp:attachment":[{"href":"https:\/\/pericia.com.pt\/en\/wp-json\/wp\/v2\/media?parent=5657771"}],"curies":[{"name":"wp","href":"https:\/\/api.w.org\/{rel}","templated":true}]}}