{"id":5657557,"date":"2018-01-19T13:43:53","date_gmt":"2018-01-19T13:43:53","guid":{"rendered":"https:\/\/pericia.com.pt\/contactos\/"},"modified":"2024-11-08T15:56:08","modified_gmt":"2024-11-08T15:56:08","slug":"contact","status":"publish","type":"page","link":"https:\/\/pericia.com.pt\/en\/contact\/","title":{"rendered":"Contacts"},"content":{"rendered":"[vc_row thb_full_width=&#8221;true&#8221; thb_row_padding=&#8221;true&#8221; thb_column_padding=&#8221;true&#8221; css=&#8221;.vc_custom_1731081367527{padding-top: 220px !important;padding-bottom: 160px !important;background-image: url(https:\/\/pericia.com.pt\/wp-content\/uploads\/2024\/11\/contact.png?id=5659587) !important;}&#8221; el_class=&#8221;align-center&#8221;][vc_column thb_color=&#8221;thb-light-column&#8221; css=&#8221;.vc_custom_1557843736454{padding-top: 7vh !important;padding-bottom: 4vh !important;}&#8221; el_class=&#8221;text-center&#8221;]\t<div id=\"thb-slidetype-69e50ec12bf36\" class=\"thb-slidetype \" data-style=\"style1\">\n\t\t\n<h2><span class=\"thb-slidetype-entry\"><span class=\"lines\">Contacts<\/span><\/span><\/h2>\n\t\t\t<\/div>\n\n\t[vc_column_text animation=&#8221;animation bottom-to-top&#8221;]Tailor-made solutions for your projects.[\/vc_column_text][\/vc_column][\/vc_row][vc_row css=&#8221;.vc_custom_1557846854783{padding-top: 120px !important;padding-bottom: 120px !important;}&#8221;][vc_column width=&#8221;1\/2&#8243; animation=&#8221;animation fade-in&#8221; css=&#8221;.vc_custom_1517593777084{padding-right: 5% !important;}&#8221;]<div role=\"form\" class=\"wpcf7\" id=\"wpcf7-f5657560-o1\" lang=\"en-US\" dir=\"ltr\">\n<div class=\"screen-reader-response\"><p role=\"status\" aria-live=\"polite\" aria-atomic=\"true\"><\/p> <ul><\/ul><\/div>\n<form action=\"\/en\/wp-json\/wp\/v2\/pages\/5657557#wpcf7-f5657560-o1\" method=\"post\" class=\"wpcf7-form init\" novalidate=\"novalidate\" data-status=\"init\">\n<div style=\"display: none;\">\n<input type=\"hidden\" name=\"_wpcf7\" value=\"5657560\" \/>\n<input type=\"hidden\" name=\"_wpcf7_version\" value=\"5.4.2\" \/>\n<input type=\"hidden\" name=\"_wpcf7_locale\" value=\"en_US\" \/>\n<input type=\"hidden\" name=\"_wpcf7_unit_tag\" value=\"wpcf7-f5657560-o1\" \/>\n<input type=\"hidden\" name=\"_wpcf7_container_post\" value=\"0\" \/>\n<input type=\"hidden\" name=\"_wpcf7_posted_data_hash\" value=\"\" \/>\n<input type=\"hidden\" name=\"_wpcf7cf_hidden_group_fields\" value=\"[]\" \/>\n<input type=\"hidden\" name=\"_wpcf7cf_hidden_groups\" value=\"[]\" \/>\n<input type=\"hidden\" name=\"_wpcf7cf_visible_groups\" value=\"[]\" \/>\n<input type=\"hidden\" name=\"_wpcf7cf_repeaters\" value=\"[]\" \/>\n<input type=\"hidden\" name=\"_wpcf7cf_steps\" value=\"{}\" \/>\n<input type=\"hidden\" name=\"_wpcf7cf_options\" value=\"{&quot;form_id&quot;:5657560,&quot;conditions&quot;:[],&quot;settings&quot;:{&quot;animation&quot;:&quot;yes&quot;,&quot;animation_intime&quot;:200,&quot;animation_outtime&quot;:200,&quot;conditions_ui&quot;:&quot;normal&quot;,&quot;notice_dismissed&quot;:false,&quot;notice_dismissed_update-cf7-5.8.4&quot;:true}}\" \/>\n<\/div>\n<div class = \"row\">\n<div class = \"small-12 columns\">\n<span class=\"wpcf7-form-control-wrap text\"><input type=\"text\" name=\"text\" value=\"\" size=\"40\" class=\"wpcf7-form-control wpcf7-text wpcf7-validates-as-required\" aria-required=\"true\" aria-invalid=\"false\" placeholder=\"Full Name *\" \/><\/span>\n<\/div>\n<div class = \"small-6 columns\">\n<span class=\"wpcf7-form-control-wrap email\"><input type=\"email\" name=\"email\" value=\"\" size=\"40\" class=\"wpcf7-form-control wpcf7-text wpcf7-email wpcf7-validates-as-required wpcf7-validates-as-email\" aria-required=\"true\" aria-invalid=\"false\" placeholder=\"Email *\" \/><\/span>\n<\/div>\n<div class = \"small-6 columns\">\n<span class=\"wpcf7-form-control-wrap your-number\"><input type=\"number\" name=\"your-number\" value=\"\" class=\"wpcf7-form-control wpcf7-number wpcf7-validates-as-required wpcf7-validates-as-number\" aria-required=\"true\" aria-invalid=\"false\" placeholder=\"Telephone\" \/><\/span>\n<\/div>\n<div class = \"small-12 columns\">\n<span class=\"wpcf7-form-control-wrap subject\"><input type=\"text\" name=\"subject\" value=\"\" size=\"40\" class=\"wpcf7-form-control wpcf7-text wpcf7-validates-as-required\" aria-required=\"true\" aria-invalid=\"false\" placeholder=\"Subject *\" \/><\/span>\n<\/div>\n<div class=\"small-12 columns\">\n<span class=\"wpcf7-form-control-wrap textarea-633\"><textarea name=\"textarea-633\" cols=\"40\" rows=\"10\" class=\"wpcf7-form-control wpcf7-textarea\" aria-invalid=\"false\" placeholder=\"Message\"><\/textarea><\/span>\n<\/div>\n<\/div>\n<div class = \"row\">\n<div class = \"small-12 columns\">\n<p style = \"text-align: left;\">\n<span class=\"wpcf7-form-control-wrap acceptance-675\"><span class=\"wpcf7-form-control wpcf7-acceptance\"><span class=\"wpcf7-list-item\"><label><input type=\"checkbox\" name=\"acceptance-675\" value=\"1\" aria-invalid=\"false\" \/><span class=\"wpcf7-list-item-label\">By submitting this form, you are accepting our <a href=\"\/politica-de-privacy\" target=\"_blank\"> privacy policy <\/a><\/span><\/label><\/span><\/span><\/span> <\/p>\n<\/div>\n<div class = \"small-12 columns\">\n<input type=\"submit\" value=\"SEND MESSAGE\" class=\"wpcf7-form-control wpcf7-submit btn small accent\" \/>\n<\/div>\n<\/div>\n<div class=\"wpcf7-response-output\" aria-hidden=\"true\"><\/div><\/form><\/div>[vc_empty_space height=&#8221;40px&#8221;][\/vc_column][vc_column width=&#8221;1\/2&#8243; css=&#8221;.vc_custom_1517593771591{padding-left: 5% !important;}&#8221;][vc_column_text animation=&#8221;animation right-to-left&#8221;]<strong>Address<\/strong><br \/>\n<small>Parque Industrial de Ada\u00fafe<br \/>\nRua Soldado Manuel Pinheiro Magalh\u00e3es n.\u00ba 40 lote C3<br \/>\n4710-167 Ada\u00fafe<br \/>\n<\/small><\/p>\n<p><span style=\"color: #e20613;\"><a style=\"color: #e20613;\" href=\"https:\/\/goo.gl\/maps\/bM7nT1Ut8Urcgu926\" target=\"_blank\" rel=\"noopener noreferrer\"><img loading=\"lazy\" class=\"alignnone size-thumbnail wp-image-5657442 pin-icon-contact lazyload\" src=\"data:image\/gif;base64,R0lGODlhAQABAAAAACH5BAEKAAEALAAAAAABAAEAAAICTAEAOw==\" data-src=\"https:\/\/pericia.com.pt\/wp-content\/uploads\/2021\/01\/map-pin-svgrepo-com.svg\" alt=\"\" width=\"150\" height=\"150\" \/>Open google maps<\/a><\/span>[\/vc_column_text][vc_column_text animation=&#8221;animation right-to-left&#8221;]<strong>telefone<\/strong><br \/>\n<small>+351 253 092 906<\/small>[\/vc_column_text][vc_column_text animation=&#8221;animation right-to-left&#8221;]<strong>Email<\/strong><br \/>\n<small><a href=\"mailto:geral@pericia.com.pt\" target=\"_blank\" rel=\"noopener noreferrer\">geral@pericia.com.pt<\/a><\/small><br \/>\n<small><a href=\"mailto:orcamentos@pericia.com.pt\" target=\"_blank\" rel=\"noopener noreferrer\">orcamentos@pericia.com.pt<\/a><\/small>[\/vc_column_text][vc_column_text animation=&#8221;animation right-to-left&#8221;]<strong>License n.\u00ba<\/strong> <small>85825-PUB<\/small><br \/>\n<strong>VAT<\/strong>: <small>514 470 062<\/small>[\/vc_column_text][\/vc_column][\/vc_row][vc_row thb_full_width=&#8221;true&#8221; content_placement=&#8221;middle&#8221; css=&#8221;.vc_custom_1598267917594{padding-top: 100px !important;padding-bottom: 100px !important;background-color: #f2f2f2 !important;}&#8221; el_class=&#8221;home_bottom_section&#8221;][vc_column fixed=&#8221;thb-fixed&#8221;]\t<a id=\"thb-button-69e50ec12d595\" class=\"btn style1 medium  black small-radius  home_bottom_button  \" href=\"\" target=\"_self\" role=\"button\">\n\t\t\t\t\t<span class=\"thb-button-icon\"><i class=\"far fa-arrow-alt-circle-down\"><\/i><\/span><span>Download our brochure<\/span>\n\t\t\t<\/a>\n\t\t[\/vc_column][\/vc_row]\n","protected":false},"excerpt":{"rendered":"<p>[vc_row thb_full_width=&#8221;true&#8221; thb_row_padding=&#8221;true&#8221; thb_column_padding=&#8221;true&#8221; css=&#8221;.vc_custom_1731081367527{padding-top: 220px !important;padding-bottom: 160px !important;background-image: url(https:\/\/pericia.com.pt\/wp-content\/uploads\/2024\/11\/contact.png?id=5659587) !important;}&#8221; el_class=&#8221;align-center&#8221;][vc_column thb_color=&#8221;thb-light-column&#8221; css=&#8221;.vc_custom_1557843736454{padding-top: 7vh !important;padding-bottom: 4vh !important;}&#8221; el_class=&#8221;text-center&#8221;][vc_column_text animation=&#8221;animation bottom-to-top&#8221;]Tailor-made solutions for your projects.[\/vc_column_text][\/vc_column][\/vc_row][vc_row css=&#8221;.vc_custom_1557846854783{padding-top: 120px !important;padding-bottom: 120px !important;}&#8221;][vc_column width=&#8221;1\/2&#8243; animation=&#8221;animation fade-in&#8221; css=&#8221;.vc_custom_1517593777084{padding-right: 5% !important;}&#8221;][vc_empty_space height=&#8221;40px&#8221;][\/vc_column][vc_column width=&#8221;1\/2&#8243; css=&#8221;.vc_custom_1517593771591{padding-left: 5% !important;}&#8221;][vc_column_text animation=&#8221;animation right-to-left&#8221;]Address Parque Industrial de Ada\u00fafe Rua Soldado Manuel Pinheiro Magalh\u00e3es n.\u00ba 40 lote&hellip;<\/p>\n","protected":false},"author":1,"featured_media":0,"parent":0,"menu_order":0,"comment_status":"closed","ping_status":"closed","template":"","meta":{"inline_featured_image":false},"yoast_head":"<!-- This site is optimized with the Yoast SEO plugin v17.0 - https:\/\/yoast.com\/wordpress\/plugins\/seo\/ -->\n<title>Contacts - Per\u00edcia<\/title>\n<meta name=\"robots\" content=\"index, follow, max-snippet:-1, max-image-preview:large, max-video-preview:-1\" \/>\n<link rel=\"canonical\" href=\"https:\/\/pericia.com.pt\/en\/contact\/\" \/>\n<meta property=\"og:locale\" content=\"en_US\" \/>\n<meta property=\"og:type\" content=\"article\" \/>\n<meta property=\"og:title\" content=\"Contacts - Per\u00edcia\" \/>\n<meta property=\"og:description\" content=\"[vc_row thb_full_width=&#8221;true&#8221; thb_row_padding=&#8221;true&#8221; thb_column_padding=&#8221;true&#8221; css=&#8221;.vc_custom_1731081367527{padding-top: 220px !important;padding-bottom: 160px !important;background-image: url(https:\/\/pericia.com.pt\/wp-content\/uploads\/2024\/11\/contact.png?id=5659587) !important;}&#8221; el_class=&#8221;align-center&#8221;][vc_column thb_color=&#8221;thb-light-column&#8221; css=&#8221;.vc_custom_1557843736454{padding-top: 7vh !important;padding-bottom: 4vh !important;}&#8221; el_class=&#8221;text-center&#8221;][vc_column_text animation=&#8221;animation bottom-to-top&#8221;]Tailor-made solutions for your projects.[\/vc_column_text][\/vc_column][\/vc_row][vc_row css=&#8221;.vc_custom_1557846854783{padding-top: 120px !important;padding-bottom: 120px !important;}&#8221;][vc_column width=&#8221;1\/2&#8243; animation=&#8221;animation fade-in&#8221; css=&#8221;.vc_custom_1517593777084{padding-right: 5% !important;}&#8221;][vc_empty_space height=&#8221;40px&#8221;][\/vc_column][vc_column width=&#8221;1\/2&#8243; css=&#8221;.vc_custom_1517593771591{padding-left: 5% !important;}&#8221;][vc_column_text animation=&#8221;animation right-to-left&#8221;]Address Parque Industrial de Ada\u00fafe Rua Soldado Manuel Pinheiro Magalh\u00e3es n.\u00ba 40 lote&hellip;\" \/>\n<meta property=\"og:url\" content=\"https:\/\/pericia.com.pt\/en\/contact\/\" \/>\n<meta property=\"og:site_name\" content=\"Per\u00edcia\" \/>\n<meta property=\"article:modified_time\" content=\"2024-11-08T15:56:08+00:00\" \/>\n<meta property=\"og:image\" content=\"https:\/\/pericia.com.pt\/wp-content\/uploads\/2021\/01\/map-pin-svgrepo-com.svg\" \/>\n<meta name=\"twitter:card\" content=\"summary_large_image\" \/>\n<meta name=\"twitter:label1\" content=\"Est. reading time\" \/>\n\t<meta name=\"twitter:data1\" content=\"1 minute\" \/>\n<script type=\"application\/ld+json\" class=\"yoast-schema-graph\">{\"@context\":\"https:\/\/schema.org\",\"@graph\":[{\"@type\":\"WebSite\",\"@id\":\"https:\/\/pericia.com.pt\/#website\",\"url\":\"https:\/\/pericia.com.pt\/\",\"name\":\"Per\\u00edcia\",\"description\":\"Experi\\u00eancia. Inova\\u00e7\\u00e3o. Constru\\u00e7\\u00e3o.\",\"potentialAction\":[{\"@type\":\"SearchAction\",\"target\":{\"@type\":\"EntryPoint\",\"urlTemplate\":\"https:\/\/pericia.com.pt\/?s={search_term_string}\"},\"query-input\":\"required name=search_term_string\"}],\"inLanguage\":\"en-US\"},{\"@type\":\"ImageObject\",\"@id\":\"https:\/\/pericia.com.pt\/en\/contact\/#primaryimage\",\"inLanguage\":\"en-US\",\"url\":\"https:\/\/pericia.com.pt\/wp-content\/uploads\/2021\/01\/map-pin-svgrepo-com.svg\",\"contentUrl\":\"https:\/\/pericia.com.pt\/wp-content\/uploads\/2021\/01\/map-pin-svgrepo-com.svg\"},{\"@type\":\"WebPage\",\"@id\":\"https:\/\/pericia.com.pt\/en\/contact\/#webpage\",\"url\":\"https:\/\/pericia.com.pt\/en\/contact\/\",\"name\":\"Contacts - Per\\u00edcia\",\"isPartOf\":{\"@id\":\"https:\/\/pericia.com.pt\/#website\"},\"primaryImageOfPage\":{\"@id\":\"https:\/\/pericia.com.pt\/en\/contact\/#primaryimage\"},\"datePublished\":\"2018-01-19T13:43:53+00:00\",\"dateModified\":\"2024-11-08T15:56:08+00:00\",\"breadcrumb\":{\"@id\":\"https:\/\/pericia.com.pt\/en\/contact\/#breadcrumb\"},\"inLanguage\":\"en-US\",\"potentialAction\":[{\"@type\":\"ReadAction\",\"target\":[\"https:\/\/pericia.com.pt\/en\/contact\/\"]}]},{\"@type\":\"BreadcrumbList\",\"@id\":\"https:\/\/pericia.com.pt\/en\/contact\/#breadcrumb\",\"itemListElement\":[{\"@type\":\"ListItem\",\"position\":1,\"name\":\"In\\u00edcio\",\"item\":\"https:\/\/pericia.com.pt\/en\/\"},{\"@type\":\"ListItem\",\"position\":2,\"name\":\"Contacts\"}]}]}<\/script>\n<!-- \/ Yoast SEO plugin. -->","yoast_head_json":{"title":"Contacts - Per\u00edcia","robots":{"index":"index","follow":"follow","max-snippet":"max-snippet:-1","max-image-preview":"max-image-preview:large","max-video-preview":"max-video-preview:-1"},"canonical":"https:\/\/pericia.com.pt\/en\/contact\/","og_locale":"en_US","og_type":"article","og_title":"Contacts - Per\u00edcia","og_description":"[vc_row thb_full_width=&#8221;true&#8221; thb_row_padding=&#8221;true&#8221; thb_column_padding=&#8221;true&#8221; css=&#8221;.vc_custom_1731081367527{padding-top: 220px !important;padding-bottom: 160px !important;background-image: url(https:\/\/pericia.com.pt\/wp-content\/uploads\/2024\/11\/contact.png?id=5659587) !important;}&#8221; el_class=&#8221;align-center&#8221;][vc_column thb_color=&#8221;thb-light-column&#8221; css=&#8221;.vc_custom_1557843736454{padding-top: 7vh !important;padding-bottom: 4vh !important;}&#8221; el_class=&#8221;text-center&#8221;][vc_column_text animation=&#8221;animation bottom-to-top&#8221;]Tailor-made solutions for your projects.[\/vc_column_text][\/vc_column][\/vc_row][vc_row css=&#8221;.vc_custom_1557846854783{padding-top: 120px !important;padding-bottom: 120px !important;}&#8221;][vc_column width=&#8221;1\/2&#8243; animation=&#8221;animation fade-in&#8221; css=&#8221;.vc_custom_1517593777084{padding-right: 5% !important;}&#8221;][vc_empty_space height=&#8221;40px&#8221;][\/vc_column][vc_column width=&#8221;1\/2&#8243; css=&#8221;.vc_custom_1517593771591{padding-left: 5% !important;}&#8221;][vc_column_text animation=&#8221;animation right-to-left&#8221;]Address Parque Industrial de Ada\u00fafe Rua Soldado Manuel Pinheiro Magalh\u00e3es n.\u00ba 40 lote&hellip;","og_url":"https:\/\/pericia.com.pt\/en\/contact\/","og_site_name":"Per\u00edcia","article_modified_time":"2024-11-08T15:56:08+00:00","og_image":[{"url":"https:\/\/pericia.com.pt\/wp-content\/uploads\/2021\/01\/map-pin-svgrepo-com.svg"}],"twitter_card":"summary_large_image","twitter_misc":{"Est. reading time":"1 minute"},"schema":{"@context":"https:\/\/schema.org","@graph":[{"@type":"WebSite","@id":"https:\/\/pericia.com.pt\/#website","url":"https:\/\/pericia.com.pt\/","name":"Per\u00edcia","description":"Experi\u00eancia. Inova\u00e7\u00e3o. Constru\u00e7\u00e3o.","potentialAction":[{"@type":"SearchAction","target":{"@type":"EntryPoint","urlTemplate":"https:\/\/pericia.com.pt\/?s={search_term_string}"},"query-input":"required name=search_term_string"}],"inLanguage":"en-US"},{"@type":"ImageObject","@id":"https:\/\/pericia.com.pt\/en\/contact\/#primaryimage","inLanguage":"en-US","url":"https:\/\/pericia.com.pt\/wp-content\/uploads\/2021\/01\/map-pin-svgrepo-com.svg","contentUrl":"https:\/\/pericia.com.pt\/wp-content\/uploads\/2021\/01\/map-pin-svgrepo-com.svg"},{"@type":"WebPage","@id":"https:\/\/pericia.com.pt\/en\/contact\/#webpage","url":"https:\/\/pericia.com.pt\/en\/contact\/","name":"Contacts - Per\u00edcia","isPartOf":{"@id":"https:\/\/pericia.com.pt\/#website"},"primaryImageOfPage":{"@id":"https:\/\/pericia.com.pt\/en\/contact\/#primaryimage"},"datePublished":"2018-01-19T13:43:53+00:00","dateModified":"2024-11-08T15:56:08+00:00","breadcrumb":{"@id":"https:\/\/pericia.com.pt\/en\/contact\/#breadcrumb"},"inLanguage":"en-US","potentialAction":[{"@type":"ReadAction","target":["https:\/\/pericia.com.pt\/en\/contact\/"]}]},{"@type":"BreadcrumbList","@id":"https:\/\/pericia.com.pt\/en\/contact\/#breadcrumb","itemListElement":[{"@type":"ListItem","position":1,"name":"In\u00edcio","item":"https:\/\/pericia.com.pt\/en\/"},{"@type":"ListItem","position":2,"name":"Contacts"}]}]}},"_links":{"self":[{"href":"https:\/\/pericia.com.pt\/en\/wp-json\/wp\/v2\/pages\/5657557"}],"collection":[{"href":"https:\/\/pericia.com.pt\/en\/wp-json\/wp\/v2\/pages"}],"about":[{"href":"https:\/\/pericia.com.pt\/en\/wp-json\/wp\/v2\/types\/page"}],"author":[{"embeddable":true,"href":"https:\/\/pericia.com.pt\/en\/wp-json\/wp\/v2\/users\/1"}],"replies":[{"embeddable":true,"href":"https:\/\/pericia.com.pt\/en\/wp-json\/wp\/v2\/comments?post=5657557"}],"version-history":[{"count":7,"href":"https:\/\/pericia.com.pt\/en\/wp-json\/wp\/v2\/pages\/5657557\/revisions"}],"predecessor-version":[{"id":5659591,"href":"https:\/\/pericia.com.pt\/en\/wp-json\/wp\/v2\/pages\/5657557\/revisions\/5659591"}],"wp:attachment":[{"href":"https:\/\/pericia.com.pt\/en\/wp-json\/wp\/v2\/media?parent=5657557"}],"curies":[{"name":"wp","href":"https:\/\/api.w.org\/{rel}","templated":true}]}}