{"id":5657539,"date":"2018-01-18T14:12:46","date_gmt":"2018-01-18T14:12:46","guid":{"rendered":"https:\/\/pericia.com.pt\/pericia\/"},"modified":"2024-11-08T16:22:26","modified_gmt":"2024-11-08T16:22:26","slug":"pericia","status":"publish","type":"page","link":"https:\/\/pericia.com.pt\/en\/pericia\/","title":{"rendered":"Per\u00edcia s.a."},"content":{"rendered":"[vc_row thb_full_width=&#8221;true&#8221; thb_scroll_bottom=&#8221;true&#8221; thb_scroll_bottom_color=&#8221;light&#8221; css=&#8221;.vc_custom_1600703370715{padding-top: 18vh !important;padding-bottom: 28vh !important;background-image: url(https:\/\/pericia.com.pt\/wp-content\/uploads\/2020\/09\/mobile_pericia.jpg?id=5657282) !important;background-position: center !important;background-repeat: no-repeat !important;background-size: cover !important;}&#8221; el_class=&#8221;custom_hide_desktop&#8221;][vc_column thb_color=&#8221;thb-light-column&#8221; animation=&#8221;animation bottom-to-top-3d&#8221; offset=&#8221;vc_hidden-lg vc_hidden-md&#8221;][vc_row_inner][vc_column_inner thb_color=&#8221;thb-light-column&#8221; offset=&#8221;vc_col-lg-5 vc_col-md-7&#8243;]\t<div id=\"thb-slidetype-69e5226614d41\" class=\"thb-slidetype \" data-style=\"style2\">\n\t\t\n<h1><span class=\"thb-slidetype-entry\"><span class=\"lines\">Experi\u00eancia. Inova\u00e7\u00e3o. Constru\u00e7\u00e3o.<\/span><\/span><\/h1>\n\t\t\t<\/div>\n\n\t[vc_empty_space height=&#8221;12px&#8221;][vc_column_text animation=&#8221;animation fade-in&#8221;]<span style=\"color: #ffffff;\">Preservamos a experi\u00eancia do saber-fazer, aprendido ao longo dos mais de 30 anos de trabalho, dos nossos artes\u00e3os da constru\u00e7\u00e3o civil. Acreditamos que a constante capta\u00e7\u00e3o de talento e a partilha de conhecimentos entre gera\u00e7\u00f5es conduzem \u00e0 inova\u00e7\u00e3o. Constru\u00edmos rela\u00e7\u00f5es s\u00f3lidas que nos permitem apresentar solu\u00e7\u00f5es completas na constru\u00e7\u00e3o de cada projeto. <\/span>[\/vc_column_text][\/vc_column_inner][\/vc_row_inner][\/vc_column][\/vc_row][vc_row thb_full_width=&#8221;true&#8221; css=&#8221;.vc_custom_1731067393076{padding-top: 28vh !important;padding-bottom: 28vh !important;background-image: url(https:\/\/pericia.com.pt\/wp-content\/uploads\/2024\/11\/empresa.png?id=5659364) !important;background-position: center !important;background-repeat: no-repeat !important;background-size: cover !important;}&#8221; el_class=&#8221;custom_hide_mobile&#8221;][vc_column thb_color=&#8221;thb-light-column&#8221; animation=&#8221;animation bottom-to-top-3d&#8221;][vc_row_inner][vc_column_inner thb_color=&#8221;thb-light-column&#8221; offset=&#8221;vc_col-lg-5 vc_col-md-7&#8243;]\t<div id=\"thb-slidetype-69e5226614d88\" class=\"thb-slidetype \" data-style=\"style2\">\n\t\t\n<h1><span class=\"thb-slidetype-entry\"><span class=\"lines\">EXPERIENCE. INNOVATION. CONSTRUCTION.<\/span><\/span><\/h1>\n\t\t\t<\/div>\n\n\t[vc_empty_space height=&#8221;12px&#8221;][vc_column_text animation=&#8221;animation fade-in&#8221;]<span style=\"color: #ffffff;\">We preserve the experience of know-how, learned over more than 30 years of work, from our artisans in the construction industry. We believe that the constant capture of talent and the sharing of knowledge between generations leads to innovation. We build solid relationships that allow us to present complete solutions in the construction of each project.<\/span>[\/vc_column_text][\/vc_column_inner][\/vc_row_inner][\/vc_column][\/vc_row][vc_row css=&#8221;.vc_custom_1598369642660{padding-top: 110px !important;}&#8221;][vc_column width=&#8221;1\/6&#8243;][\/vc_column][vc_column width=&#8221;2\/3&#8243;][vc_column_text animation=&#8221;animation bottom-to-top&#8221;]\n<h2 style=\"text-align: center;\">A <span style=\"color: #e20613;\">per\u00edcia<\/span><\/h2>\n[\/vc_column_text][\/vc_column][vc_column width=&#8221;1\/6&#8243;][\/vc_column][\/vc_row][vc_row css=&#8221;.vc_custom_1598370883834{padding-top: 50px !important;padding-bottom: 50px !important;}&#8221;][vc_column width=&#8221;1\/6&#8243;][\/vc_column][vc_column width=&#8221;2\/3&#8243;][vc_column_text animation=&#8221;animation bottom-to-top&#8221;]Founded in order to face the labour shortages of the market, the experience acquired in several areas allowed it to expand the offer of its services to other specialities and to provide integrated solutions in the execution of public works and the rehabilitation of industrial and commercial buildings.<\/p>\n<p>Through the creation of specialized teams, it has several projects implemented, from small contracts to general turnkey contracts, in sectors of activity such as health, commerce, services, industry and education.<\/p>\n<p>Its strategic capabilities and know-how allow it to find the solutions that best adapt to the needs of its customers, meeting high-quality standards and optimizing the management processes of each project.[\/vc_column_text][\/vc_column][vc_column width=&#8221;1\/6&#8243;][\/vc_column][\/vc_row][vc_row][vc_column el_class=&#8221;custom_hide_mobile&#8221; offset=&#8221;vc_hidden-sm vc_hidden-xs&#8221;][vc_empty_space height=&#8221;100px&#8221;][\/vc_column][\/vc_row][vc_row thb_full_width=&#8221;true&#8221; thb_row_padding=&#8221;true&#8221; thb_column_padding=&#8221;true&#8221;][vc_column width=&#8221;1\/3&#8243; css=&#8221;.vc_custom_1731082905181{padding-top: 10% !important;padding-right: 10% !important;padding-bottom: 10% !important;padding-left: 10% !important;background: #222222 url(https:\/\/pericia.com.pt\/wp-content\/uploads\/2024\/11\/miss-1.png?id=5659603) !important;background-position: center !important;background-repeat: no-repeat !important;background-size: cover !important;}&#8221;][vc_column_text css=&#8221;.vc_custom_1619354210922{padding-right: 10% !important;}&#8221;]\n<h3><span style=\"color: #ffffff;\">Mission<\/span><\/h3>\n<p><span style=\"color: #ffffff;\">We have in our origin the hardness of the work. This heritage made of strength, resilience and art.<\/span><br \/>\n<span style=\"color: #ffffff;\">We made it our mission to preserve the knowledge and guarantee the future of the construction craftsman. We combine knowledge and cross generations. It is our multiplicity that allows us to offer integrated solutions and excellence in the execution of each project, from award to completion.<\/span>[\/vc_column_text][\/vc_column][vc_column width=&#8221;1\/3&#8243; css=&#8221;.vc_custom_1731082945511{padding-top: 10% !important;padding-right: 10% !important;padding-bottom: 10% !important;padding-left: 10% !important;background: #e20613 url(https:\/\/pericia.com.pt\/wp-content\/uploads\/2024\/11\/foto-6-visao-e1731082528180.jpeg?id=5659606) !important;}&#8221;][vc_column_text css=&#8221;.vc_custom_1619354228754{padding-right: 10% !important;}&#8221;]\n<h3><span style=\"color: #ffffff;\">Vision<\/span><\/h3>\n<p><span style=\"color: #ffffff;\">We exalt our origins. Those who, with their hands, shaped the vision of artists and built history out of stone.<\/span><\/p>\n<p><span style=\"color: #ffffff;\">It is in elevating the profession of civil construction official, that lays our legacy. In the pure practice of the technique and the softness of the expertise, we return the value and recognition of artisans.<\/span>[\/vc_column_text][\/vc_column][vc_column width=&#8221;1\/3&#8243; css=&#8221;.vc_custom_1598901005056{padding-top: 10% !important;padding-right: 10% !important;padding-bottom: 10% !important;padding-left: 10% !important;background: #9d9d9c url(https:\/\/pericia.com.pt\/wp-content\/uploads\/2020\/08\/missao_2-1.jpg?id=5656947) !important;background-position: center !important;background-repeat: no-repeat !important;background-size: cover !important;}&#8221;][vc_column_text css=&#8221;.vc_custom_1619354274156{padding-right: 10% !important;}&#8221;]\n<h3><span style=\"color: #ffffff;\">Values<\/span><\/h3>\n<ul>\n<li><span style=\"color: #ffffff;\">Ambition, <\/span><\/li>\n<li><span style=\"color: #ffffff;\">Aesthetic,<\/span><\/li>\n<li><span style=\"color: #ffffff;\"> Courage, <\/span><\/li>\n<li><span style=\"color: #ffffff;\">Loyalty, <\/span><\/li>\n<li><span style=\"color: #ffffff;\">Passion, <\/span><\/li>\n<li><span style=\"color: #ffffff;\">Respect, <\/span><\/li>\n<li><span style=\"color: #ffffff;\">Responsibility, <\/span><\/li>\n<li><span style=\"color: #ffffff;\">Rigor, <\/span><\/li>\n<li><span style=\"color: #ffffff;\">Solidarity. <\/span><\/li>\n<\/ul>\n[\/vc_column_text][\/vc_column][\/vc_row][vc_row thb_full_width=&#8221;true&#8221; content_placement=&#8221;middle&#8221; css=&#8221;.vc_custom_1597938181741{padding-top: 100px !important;padding-bottom: 100px !important;}&#8221; el_class=&#8221;home_bottom_section&#8221;][vc_column fixed=&#8221;thb-fixed&#8221;]\t<a id=\"thb-button-69e5226614ddb\" class=\"btn style1 medium  black no-radius  home_bottom_button  \" href=\"\" target=\"_self\" role=\"button\">\n\t\t\t\t\t<span class=\"thb-button-icon\"><i class=\"far fa-arrow-alt-circle-down\"><\/i><\/span><span>Download our brochure<\/span>\n\t\t\t<\/a>\n\t\t[\/vc_column][\/vc_row]\n","protected":false},"excerpt":{"rendered":"<p>[vc_row thb_full_width=&#8221;true&#8221; thb_scroll_bottom=&#8221;true&#8221; thb_scroll_bottom_color=&#8221;light&#8221; css=&#8221;.vc_custom_1600703370715{padding-top: 18vh !important;padding-bottom: 28vh !important;background-image: url(https:\/\/pericia.com.pt\/wp-content\/uploads\/2020\/09\/mobile_pericia.jpg?id=5657282) !important;background-position: center !important;background-repeat: no-repeat !important;background-size: cover !important;}&#8221; el_class=&#8221;custom_hide_desktop&#8221;][vc_column thb_color=&#8221;thb-light-column&#8221; animation=&#8221;animation bottom-to-top-3d&#8221; offset=&#8221;vc_hidden-lg vc_hidden-md&#8221;][vc_row_inner][vc_column_inner thb_color=&#8221;thb-light-column&#8221; offset=&#8221;vc_col-lg-5 vc_col-md-7&#8243;][vc_empty_space height=&#8221;12px&#8221;][vc_column_text animation=&#8221;animation fade-in&#8221;]Preservamos a experi\u00eancia do saber-fazer, aprendido ao longo dos mais de 30 anos de trabalho, dos nossos artes\u00e3os da constru\u00e7\u00e3o civil. Acreditamos que a constante capta\u00e7\u00e3o de&hellip;<\/p>\n","protected":false},"author":1,"featured_media":0,"parent":0,"menu_order":0,"comment_status":"closed","ping_status":"closed","template":"","meta":{"inline_featured_image":false},"yoast_head":"<!-- This site is optimized with the Yoast SEO plugin v17.0 - https:\/\/yoast.com\/wordpress\/plugins\/seo\/ -->\n<title>Per\u00edcia s.a. - Per\u00edcia<\/title>\n<meta name=\"robots\" content=\"index, follow, max-snippet:-1, max-image-preview:large, max-video-preview:-1\" \/>\n<link rel=\"canonical\" href=\"https:\/\/pericia.com.pt\/en\/pericia\/\" \/>\n<meta property=\"og:locale\" content=\"en_US\" \/>\n<meta property=\"og:type\" content=\"article\" \/>\n<meta property=\"og:title\" content=\"Per\u00edcia s.a. - Per\u00edcia\" \/>\n<meta property=\"og:description\" content=\"[vc_row thb_full_width=&#8221;true&#8221; thb_scroll_bottom=&#8221;true&#8221; thb_scroll_bottom_color=&#8221;light&#8221; css=&#8221;.vc_custom_1600703370715{padding-top: 18vh !important;padding-bottom: 28vh !important;background-image: url(https:\/\/pericia.com.pt\/wp-content\/uploads\/2020\/09\/mobile_pericia.jpg?id=5657282) !important;background-position: center !important;background-repeat: no-repeat !important;background-size: cover !important;}&#8221; el_class=&#8221;custom_hide_desktop&#8221;][vc_column thb_color=&#8221;thb-light-column&#8221; animation=&#8221;animation bottom-to-top-3d&#8221; offset=&#8221;vc_hidden-lg vc_hidden-md&#8221;][vc_row_inner][vc_column_inner thb_color=&#8221;thb-light-column&#8221; offset=&#8221;vc_col-lg-5 vc_col-md-7&#8243;][vc_empty_space height=&#8221;12px&#8221;][vc_column_text animation=&#8221;animation fade-in&#8221;]Preservamos a experi\u00eancia do saber-fazer, aprendido ao longo dos mais de 30 anos de trabalho, dos nossos artes\u00e3os da constru\u00e7\u00e3o civil. Acreditamos que a constante capta\u00e7\u00e3o de&hellip;\" \/>\n<meta property=\"og:url\" content=\"https:\/\/pericia.com.pt\/en\/pericia\/\" \/>\n<meta property=\"og:site_name\" content=\"Per\u00edcia\" \/>\n<meta property=\"article:modified_time\" content=\"2024-11-08T16:22:26+00:00\" \/>\n<meta name=\"twitter:card\" content=\"summary_large_image\" \/>\n<meta name=\"twitter:label1\" content=\"Est. reading time\" \/>\n\t<meta name=\"twitter:data1\" content=\"3 minutes\" \/>\n<script type=\"application\/ld+json\" class=\"yoast-schema-graph\">{\"@context\":\"https:\/\/schema.org\",\"@graph\":[{\"@type\":\"WebSite\",\"@id\":\"https:\/\/pericia.com.pt\/#website\",\"url\":\"https:\/\/pericia.com.pt\/\",\"name\":\"Per\\u00edcia\",\"description\":\"Experi\\u00eancia. Inova\\u00e7\\u00e3o. Constru\\u00e7\\u00e3o.\",\"potentialAction\":[{\"@type\":\"SearchAction\",\"target\":{\"@type\":\"EntryPoint\",\"urlTemplate\":\"https:\/\/pericia.com.pt\/?s={search_term_string}\"},\"query-input\":\"required name=search_term_string\"}],\"inLanguage\":\"en-US\"},{\"@type\":\"WebPage\",\"@id\":\"https:\/\/pericia.com.pt\/en\/pericia\/#webpage\",\"url\":\"https:\/\/pericia.com.pt\/en\/pericia\/\",\"name\":\"Per\\u00edcia s.a. - Per\\u00edcia\",\"isPartOf\":{\"@id\":\"https:\/\/pericia.com.pt\/#website\"},\"datePublished\":\"2018-01-18T14:12:46+00:00\",\"dateModified\":\"2024-11-08T16:22:26+00:00\",\"breadcrumb\":{\"@id\":\"https:\/\/pericia.com.pt\/en\/pericia\/#breadcrumb\"},\"inLanguage\":\"en-US\",\"potentialAction\":[{\"@type\":\"ReadAction\",\"target\":[\"https:\/\/pericia.com.pt\/en\/pericia\/\"]}]},{\"@type\":\"BreadcrumbList\",\"@id\":\"https:\/\/pericia.com.pt\/en\/pericia\/#breadcrumb\",\"itemListElement\":[{\"@type\":\"ListItem\",\"position\":1,\"name\":\"In\\u00edcio\",\"item\":\"https:\/\/pericia.com.pt\/en\/\"},{\"@type\":\"ListItem\",\"position\":2,\"name\":\"Per\\u00edcia s.a.\"}]}]}<\/script>\n<!-- \/ Yoast SEO plugin. -->","yoast_head_json":{"title":"Per\u00edcia s.a. - Per\u00edcia","robots":{"index":"index","follow":"follow","max-snippet":"max-snippet:-1","max-image-preview":"max-image-preview:large","max-video-preview":"max-video-preview:-1"},"canonical":"https:\/\/pericia.com.pt\/en\/pericia\/","og_locale":"en_US","og_type":"article","og_title":"Per\u00edcia s.a. - Per\u00edcia","og_description":"[vc_row thb_full_width=&#8221;true&#8221; thb_scroll_bottom=&#8221;true&#8221; thb_scroll_bottom_color=&#8221;light&#8221; css=&#8221;.vc_custom_1600703370715{padding-top: 18vh !important;padding-bottom: 28vh !important;background-image: url(https:\/\/pericia.com.pt\/wp-content\/uploads\/2020\/09\/mobile_pericia.jpg?id=5657282) !important;background-position: center !important;background-repeat: no-repeat !important;background-size: cover !important;}&#8221; el_class=&#8221;custom_hide_desktop&#8221;][vc_column thb_color=&#8221;thb-light-column&#8221; animation=&#8221;animation bottom-to-top-3d&#8221; offset=&#8221;vc_hidden-lg vc_hidden-md&#8221;][vc_row_inner][vc_column_inner thb_color=&#8221;thb-light-column&#8221; offset=&#8221;vc_col-lg-5 vc_col-md-7&#8243;][vc_empty_space height=&#8221;12px&#8221;][vc_column_text animation=&#8221;animation fade-in&#8221;]Preservamos a experi\u00eancia do saber-fazer, aprendido ao longo dos mais de 30 anos de trabalho, dos nossos artes\u00e3os da constru\u00e7\u00e3o civil. Acreditamos que a constante capta\u00e7\u00e3o de&hellip;","og_url":"https:\/\/pericia.com.pt\/en\/pericia\/","og_site_name":"Per\u00edcia","article_modified_time":"2024-11-08T16:22:26+00:00","twitter_card":"summary_large_image","twitter_misc":{"Est. reading time":"3 minutes"},"schema":{"@context":"https:\/\/schema.org","@graph":[{"@type":"WebSite","@id":"https:\/\/pericia.com.pt\/#website","url":"https:\/\/pericia.com.pt\/","name":"Per\u00edcia","description":"Experi\u00eancia. Inova\u00e7\u00e3o. Constru\u00e7\u00e3o.","potentialAction":[{"@type":"SearchAction","target":{"@type":"EntryPoint","urlTemplate":"https:\/\/pericia.com.pt\/?s={search_term_string}"},"query-input":"required name=search_term_string"}],"inLanguage":"en-US"},{"@type":"WebPage","@id":"https:\/\/pericia.com.pt\/en\/pericia\/#webpage","url":"https:\/\/pericia.com.pt\/en\/pericia\/","name":"Per\u00edcia s.a. - Per\u00edcia","isPartOf":{"@id":"https:\/\/pericia.com.pt\/#website"},"datePublished":"2018-01-18T14:12:46+00:00","dateModified":"2024-11-08T16:22:26+00:00","breadcrumb":{"@id":"https:\/\/pericia.com.pt\/en\/pericia\/#breadcrumb"},"inLanguage":"en-US","potentialAction":[{"@type":"ReadAction","target":["https:\/\/pericia.com.pt\/en\/pericia\/"]}]},{"@type":"BreadcrumbList","@id":"https:\/\/pericia.com.pt\/en\/pericia\/#breadcrumb","itemListElement":[{"@type":"ListItem","position":1,"name":"In\u00edcio","item":"https:\/\/pericia.com.pt\/en\/"},{"@type":"ListItem","position":2,"name":"Per\u00edcia s.a."}]}]}},"_links":{"self":[{"href":"https:\/\/pericia.com.pt\/en\/wp-json\/wp\/v2\/pages\/5657539"}],"collection":[{"href":"https:\/\/pericia.com.pt\/en\/wp-json\/wp\/v2\/pages"}],"about":[{"href":"https:\/\/pericia.com.pt\/en\/wp-json\/wp\/v2\/types\/page"}],"author":[{"embeddable":true,"href":"https:\/\/pericia.com.pt\/en\/wp-json\/wp\/v2\/users\/1"}],"replies":[{"embeddable":true,"href":"https:\/\/pericia.com.pt\/en\/wp-json\/wp\/v2\/comments?post=5657539"}],"version-history":[{"count":5,"href":"https:\/\/pericia.com.pt\/en\/wp-json\/wp\/v2\/pages\/5657539\/revisions"}],"predecessor-version":[{"id":5659613,"href":"https:\/\/pericia.com.pt\/en\/wp-json\/wp\/v2\/pages\/5657539\/revisions\/5659613"}],"wp:attachment":[{"href":"https:\/\/pericia.com.pt\/en\/wp-json\/wp\/v2\/media?parent=5657539"}],"curies":[{"name":"wp","href":"https:\/\/api.w.org\/{rel}","templated":true}]}}