{"id":5657535,"date":"2019-05-09T18:16:32","date_gmt":"2019-05-09T18:16:32","guid":{"rendered":"https:\/\/pericia.com.pt\/footer-content\/"},"modified":"2021-05-24T11:32:29","modified_gmt":"2021-05-24T11:32:29","slug":"footer-content","status":"publish","type":"page","link":"https:\/\/pericia.com.pt\/en\/footer-content\/","title":{"rendered":"Footer Content"},"content":{"rendered":"[vc_row thb_full_width=&#8221;true&#8221; thb_row_padding=&#8221;true&#8221; thb_column_padding=&#8221;true&#8221; css=&#8221;.vc_custom_1611912071015{background-color: #111113 !important;}&#8221;][vc_column thb_color=&#8221;thb-light-column&#8221; width=&#8221;1\/2&#8243; css=&#8221;.vc_custom_1557490395698{padding-top: 8% !important;padding-right: 8% !important;padding-bottom: 8% !important;padding-left: 8% !important;}&#8221;][vc_raw_html]JTNDaW1nJTIwc3JjJTNEJTIyaHR0cHMlM0ElMkYlMkZwZXJpY2lhLmNvbS5wdCUyRndwLWNvbnRlbnQlMkZ1cGxvYWRzJTJGMjAyMCUyRjA4JTJGcGVyaWNpYS1yZWQtd2hpdGUuc3ZnJTIyJTIwd2lkdGglM0QlMjIxODNweCUyMiUzRQ==[\/vc_raw_html][vc_empty_space height=&#8221;25px&#8221;][vc_column_text animation=&#8221;animation fade-in&#8221; css=&#8221;.vc_custom_1619168461965{padding-right: 10% !important;}&#8221;]Founded in order to face the labour shortages of the market, per\u00edcia acquired in several areas allowed it to expand the offer of its services to other specialities and to provide integrated solutions in the execution of public works and the rehabilitation of industrial and commercial buildings.[\/vc_column_text][vc_empty_space height=&#8221;10px&#8221;][vc_column_text animation=&#8221;animation fade-in&#8221; css=&#8221;.vc_custom_1619168483851{padding-right: 10% !important;}&#8221;]Co-financed by:<br \/>\n<img loading=\"lazy\" class=\"alignnone size-full wp-image-619 lazyload\" src=\"data:image\/gif;base64,R0lGODlhAQABAAAAACH5BAEKAAEALAAAAAABAAEAAAICTAEAOw==\" data-src=\"https:\/\/pericia.com.pt\/wp-content\/uploads\/2020\/09\/POISE_PT2020_FSE_Branco_Bom-1-1.png\" alt=\"\" width=\"217\" height=\"23\" \/>[\/vc_column_text][vc_empty_space height=&#8221;25px&#8221;][vc_column_text animation=&#8221;animation fade-in&#8221;]\n<h5><span style=\"color: #e20613;\">Contact<\/span><\/h5>\n[\/vc_column_text]\t<div class=\"thb-iconlist iconfk\" id=\"thb-iconlist-69fcc5e13b473\">\n\t\t<ul>\n\t\t\t\t\t\t  <li class=\"thb-iconlist-li animation left-to-right\">\n\t\t\t\t  <i class=\"fas fa-phone-volume\"><\/i>\n\t\t\t\t+351 253 092 906\t\t\t  <\/li>\n\t\t  \t\t<\/ul>\n\t\t<style>\n\t\t\t\t\t\t\t\t<\/style>\n\t<\/div>\n\t\t<div class=\"thb-iconlist \" id=\"thb-iconlist-69fcc5e13b4c8\">\n\t\t<ul>\n\t\t\t\t\t\t  <li class=\"thb-iconlist-li animation left-to-right\">\n\t\t\t\t  <i class=\"far fa-envelope\"><\/i>\n\t\t\t\tgeral@pericia.com.pt\t\t\t  <\/li>\n\t\t  \t\t<\/ul>\n\t\t<style>\n\t\t\t\t\t\t\t\t<\/style>\n\t<\/div>\n\t\t<div class=\"thb-iconlist \" id=\"thb-iconlist-69fcc5e13b4f8\">\n\t\t<ul>\n\t\t\t\t\t\t  <li class=\"thb-iconlist-li animation left-to-right\">\n\t\t\t\t  <i class=\"fas fa-check\"><\/i>\n\t\t\t\tAlvar\u00e1 n.\u00ba 85825-PUB\t\t\t  <\/li>\n\t\t  \t\t<\/ul>\n\t\t<style>\n\t\t\t\t\t\t\t\t<\/style>\n\t<\/div>\n\t\t<div class=\"thb-iconlist \" id=\"thb-iconlist-69fcc5e13b523\">\n\t\t<ul>\n\t\t\t\t\t\t  <li class=\"thb-iconlist-li animation left-to-right\">\n\t\t\t\t  <i class=\"far fa-file-alt\"><\/i>\n\t\t\t\tVAT: 514 470 062\t\t\t  <\/li>\n\t\t  \t\t<\/ul>\n\t\t<style>\n\t\t\t\t\t\t\t\t<\/style>\n\t<\/div>\n\t[vc_empty_space height=&#8221;25px&#8221;][vc_column_text animation=&#8221;animation fade-in&#8221; css=&#8221;.vc_custom_1597023396271{padding-right: 10% !important;}&#8221;]<a href=\"https:\/\/www.livroreclamacoes.pt\/inicio\" target=\"_blank\" rel=\"noopener noreferrer\"><img loading=\"lazy\" class=\"alignnone size-full wp-image-619 lazyload\" src=\"data:image\/gif;base64,R0lGODlhAQABAAAAACH5BAEKAAEALAAAAAABAAEAAAICTAEAOw==\" data-src=\"https:\/\/pericia.com.pt\/wp-content\/uploads\/2020\/08\/livro_reclamacoes-500x-207-w-1-300x124-1.png\" alt=\"\" width=\"90\" height=\"37\" data-sizes=\"auto\" data-srcset=\"https:\/\/pericia.com.pt\/wp-content\/uploads\/2020\/08\/livro_reclamacoes-500x-207-w-1-300x124-1.png 300w, https:\/\/pericia.com.pt\/wp-content\/uploads\/2020\/08\/livro_reclamacoes-500x-207-w-1-300x124-1-20x9.png 20w\" sizes=\"(max-width: 90px) 100vw, 90px\" \/><\/a>[\/vc_column_text][\/vc_column][vc_column width=&#8221;1\/2&#8243;]\t<div class=\"thb_office_location_container style2\">\n\t\t\t\t\t<div id=\"thb-office-locations-398\" class=\"thb-office-locations-style2 thb_location_container \" data-columns=\"4\" data-pagination=\"true\" data-infinite=\"false\" data-navigation=\"\">\n\t\t\t\t\t\t\t\t\t\t\t\t\t\t\t<h2>Offices<\/h2>\t\t\t\t\t\t\t\t\t\t\t\t\t\t\t\t\t\t\t<div class=\"thb_location\n\t\t\t\t\t\t\t\t\t\t\t\t\tactive\">\n\t\t\t\t\t\t\t<h5>\n\t\t\t\t\t\t\t\t\t\t\t\t\t\tAda\u00fafe<\/h5>\n\t\t\t\t\t\t\t\t\t\t\t\t\t<\/div>\n\t\t\t\t\t\t\t\t\t\t\t\t<\/div>\n\n\t\t\t\t\t\t<div class=\"thb_office_location\n\t\t\" style=\"height:110vh\" data-map-style=\"[\n    {\n        &quot;featureType&quot;: &quot;all&quot;,\n        &quot;elementType&quot;: &quot;labels.text.fill&quot;,\n        &quot;stylers&quot;: [\n            {\n                &quot;saturation&quot;: 36\n            },\n            {\n                &quot;color&quot;: &quot;#000000&quot;\n            },\n            {\n                &quot;lightness&quot;: 40\n            }\n        ]\n    },\n    {\n        &quot;featureType&quot;: &quot;all&quot;,\n        &quot;elementType&quot;: &quot;labels.text.stroke&quot;,\n        &quot;stylers&quot;: [\n            {\n                &quot;visibility&quot;: &quot;on&quot;\n            },\n            {\n                &quot;color&quot;: &quot;#000000&quot;\n            },\n            {\n                &quot;lightness&quot;: 16\n            }\n        ]\n    },\n    {\n        &quot;featureType&quot;: &quot;all&quot;,\n        &quot;elementType&quot;: &quot;labels.icon&quot;,\n        &quot;stylers&quot;: [\n            {\n                &quot;visibility&quot;: &quot;off&quot;\n            }\n        ]\n    },\n    {\n        &quot;featureType&quot;: &quot;administrative&quot;,\n        &quot;elementType&quot;: &quot;geometry.fill&quot;,\n        &quot;stylers&quot;: [\n            {\n                &quot;lightness&quot;: 20\n            },\n            {\n                &quot;color&quot;: &quot;#000000&quot;\n            }\n        ]\n    },\n    {\n        &quot;featureType&quot;: &quot;administrative&quot;,\n        &quot;elementType&quot;: &quot;geometry.stroke&quot;,\n        &quot;stylers&quot;: [\n            {\n                &quot;color&quot;: &quot;#000000&quot;\n            },\n            {\n                &quot;lightness&quot;: 17\n            },\n            {\n                &quot;weight&quot;: 1.2\n            }\n        ]\n    },\n    {\n        &quot;featureType&quot;: &quot;administrative.country&quot;,\n        &quot;elementType&quot;: &quot;labels.text.fill&quot;,\n        &quot;stylers&quot;: [\n            {\n                &quot;visibility&quot;: &quot;on&quot;\n            },\n            {\n                &quot;color&quot;: &quot;#ffffff&quot;\n            }\n        ]\n    },\n    {\n        &quot;featureType&quot;: &quot;administrative.province&quot;,\n        &quot;elementType&quot;: &quot;geometry.fill&quot;,\n        &quot;stylers&quot;: [\n            {\n                &quot;visibility&quot;: &quot;simplified&quot;\n            }\n        ]\n    },\n    {\n        &quot;featureType&quot;: &quot;administrative.province&quot;,\n        &quot;elementType&quot;: &quot;labels.text.fill&quot;,\n        &quot;stylers&quot;: [\n            {\n                &quot;color&quot;: &quot;#ffffff&quot;\n            }\n        ]\n    },\n    {\n        &quot;featureType&quot;: &quot;administrative.province&quot;,\n        &quot;elementType&quot;: &quot;labels.text.stroke&quot;,\n        &quot;stylers&quot;: [\n            {\n                &quot;weight&quot;: &quot;0.01&quot;\n            },\n            {\n                &quot;invert_lightness&quot;: true\n            },\n            {\n                &quot;color&quot;: &quot;#f26c4f&quot;\n            }\n        ]\n    },\n    {\n        &quot;featureType&quot;: &quot;landscape&quot;,\n        &quot;elementType&quot;: &quot;geometry&quot;,\n        &quot;stylers&quot;: [\n            {\n                &quot;color&quot;: &quot;#000000&quot;\n            },\n            {\n                &quot;lightness&quot;: 20\n            }\n        ]\n    },\n    {\n        &quot;featureType&quot;: &quot;poi&quot;,\n        &quot;elementType&quot;: &quot;geometry&quot;,\n        &quot;stylers&quot;: [\n            {\n                &quot;color&quot;: &quot;#000000&quot;\n            },\n            {\n                &quot;lightness&quot;: 21\n            }\n        ]\n    },\n    {\n        &quot;featureType&quot;: &quot;road.highway&quot;,\n        &quot;elementType&quot;: &quot;geometry.fill&quot;,\n        &quot;stylers&quot;: [\n            {\n                &quot;visibility&quot;: &quot;simplified&quot;\n            },\n            {\n                &quot;weight&quot;: &quot;0.05&quot;\n            },\n            {\n                &quot;color&quot;: &quot;#ffffff&quot;\n            },\n            {\n                &quot;lightness&quot;: 17\n            }\n        ]\n    },\n    {\n        &quot;featureType&quot;: &quot;road.highway&quot;,\n        &quot;elementType&quot;: &quot;geometry.stroke&quot;,\n        &quot;stylers&quot;: [\n            {\n                &quot;color&quot;: &quot;#fc1026&quot;\n            },\n            {\n                &quot;weight&quot;: &quot;0.10&quot;\n            },\n            {\n                &quot;invert_lightness&quot;: true\n            },\n            {\n                &quot;lightness&quot;: &quot;0&quot;\n            }\n        ]\n    },\n    {\n        &quot;featureType&quot;: &quot;road.highway&quot;,\n        &quot;elementType&quot;: &quot;labels.text.fill&quot;,\n        &quot;stylers&quot;: [\n            {\n                &quot;color&quot;: &quot;#f26c4f&quot;\n            }\n        ]\n    },\n    {\n        &quot;featureType&quot;: &quot;road.highway.controlled_access&quot;,\n        &quot;elementType&quot;: &quot;geometry&quot;,\n        &quot;stylers&quot;: [\n            {\n                &quot;weight&quot;: &quot;0.30&quot;\n            }\n        ]\n    },\n    {\n        &quot;featureType&quot;: &quot;road.arterial&quot;,\n        &quot;elementType&quot;: &quot;geometry&quot;,\n        &quot;stylers&quot;: [\n            {\n                &quot;color&quot;: &quot;#000000&quot;\n            },\n            {\n                &quot;lightness&quot;: 18\n            }\n        ]\n    },\n    {\n        &quot;featureType&quot;: &quot;road.local&quot;,\n        &quot;elementType&quot;: &quot;geometry&quot;,\n        &quot;stylers&quot;: [\n            {\n                &quot;color&quot;: &quot;#000000&quot;\n            },\n            {\n                &quot;lightness&quot;: 16\n            }\n        ]\n    },\n    {\n        &quot;featureType&quot;: &quot;transit&quot;,\n        &quot;elementType&quot;: &quot;geometry&quot;,\n        &quot;stylers&quot;: [\n            {\n                &quot;color&quot;: &quot;#000000&quot;\n            },\n            {\n                &quot;lightness&quot;: 19\n            }\n        ]\n    },\n    {\n        &quot;featureType&quot;: &quot;water&quot;,\n        &quot;elementType&quot;: &quot;geometry&quot;,\n        &quot;stylers&quot;: [\n            {\n                &quot;color&quot;: &quot;#000000&quot;\n            },\n            {\n                &quot;lightness&quot;: 17\n            }\n        ]\n    }\n]\" data-map-zoom=\"18\" data-map-type=\"roadmap\" data-pan-control=\"1\" data-zoom-control=\"\" data-maptype-control=\"\" data-scale-control=\"\" data-streetview-control=\"\" data-style=\"style2\">\n\t\t\t\t\t\t\t\t<input class=\"thb-location\" type=\"hidden\" data-option=\"{&quot;marker_image&quot;:&quot;https:\\\/\\\/pericia.com.pt\\\/wp-content\\\/uploads\\\/2020\\\/08\\\/eng_pin_5.svg&quot;,&quot;marker_title&quot;:&quot;Ada\\u00fafe&quot;,&quot;marker_description&quot;:&quot;Rua Soldado Manuel Pinheiro Magalh\\u00e3es n.\\u00ba 40 lote C3&lt;br \\\/&gt;\\nParque Industrial de Ada\\u00fafe&lt;br \\\/&gt;\\n4710-167 Ada\\u00fafe&quot;,&quot;marker_size&quot;:[30,48],&quot;retina_marker&quot;:&quot;&quot;,&quot;latitude&quot;:&quot;41.6014573&quot;,&quot;longitude&quot;:&quot;-8.4115706&quot;}\" \/>\n\t\t\t\t\t\t<\/div>\n\t\t<style>\n\t\t\t\t\t\t\t\t<\/style>\n\t<\/div>\n\t[\/vc_column][\/vc_row]\n","protected":false},"excerpt":{"rendered":"<p>[vc_row thb_full_width=&#8221;true&#8221; thb_row_padding=&#8221;true&#8221; thb_column_padding=&#8221;true&#8221; css=&#8221;.vc_custom_1611912071015{background-color: #111113 !important;}&#8221;][vc_column thb_color=&#8221;thb-light-column&#8221; width=&#8221;1\/2&#8243; css=&#8221;.vc_custom_1557490395698{padding-top: 8% !important;padding-right: 8% !important;padding-bottom: 8% !important;padding-left: 8% !important;}&#8221;][vc_raw_html]JTNDaW1nJTIwc3JjJTNEJTIyaHR0cHMlM0ElMkYlMkZwZXJpY2lhLmNvbS5wdCUyRndwLWNvbnRlbnQlMkZ1cGxvYWRzJTJGMjAyMCUyRjA4JTJGcGVyaWNpYS1yZWQtd2hpdGUuc3ZnJTIyJTIwd2lkdGglM0QlMjIxODNweCUyMiUzRQ==[\/vc_raw_html][vc_empty_space height=&#8221;25px&#8221;][vc_column_text animation=&#8221;animation fade-in&#8221; css=&#8221;.vc_custom_1619168461965{padding-right: 10% !important;}&#8221;]Founded in order to face the labour shortages of the market, per\u00edcia acquired in several areas allowed it to expand the offer of its services to other specialities and to provide integrated&hellip;<\/p>\n","protected":false},"author":1,"featured_media":0,"parent":0,"menu_order":0,"comment_status":"closed","ping_status":"closed","template":"","meta":{"inline_featured_image":false},"yoast_head":"<!-- This site is optimized with the Yoast SEO plugin v17.0 - https:\/\/yoast.com\/wordpress\/plugins\/seo\/ -->\n<title>Footer Content - Per\u00edcia<\/title>\n<meta name=\"robots\" content=\"index, follow, max-snippet:-1, max-image-preview:large, max-video-preview:-1\" \/>\n<link rel=\"canonical\" href=\"https:\/\/pericia.com.pt\/en\/footer-content\/\" \/>\n<meta property=\"og:locale\" content=\"en_US\" \/>\n<meta property=\"og:type\" content=\"article\" \/>\n<meta property=\"og:title\" content=\"Footer Content - Per\u00edcia\" \/>\n<meta property=\"og:description\" content=\"[vc_row thb_full_width=&#8221;true&#8221; thb_row_padding=&#8221;true&#8221; thb_column_padding=&#8221;true&#8221; css=&#8221;.vc_custom_1611912071015{background-color: #111113 !important;}&#8221;][vc_column thb_color=&#8221;thb-light-column&#8221; width=&#8221;1\/2&#8243; css=&#8221;.vc_custom_1557490395698{padding-top: 8% !important;padding-right: 8% !important;padding-bottom: 8% !important;padding-left: 8% !important;}&#8221;][vc_raw_html]JTNDaW1nJTIwc3JjJTNEJTIyaHR0cHMlM0ElMkYlMkZwZXJpY2lhLmNvbS5wdCUyRndwLWNvbnRlbnQlMkZ1cGxvYWRzJTJGMjAyMCUyRjA4JTJGcGVyaWNpYS1yZWQtd2hpdGUuc3ZnJTIyJTIwd2lkdGglM0QlMjIxODNweCUyMiUzRQ==[\/vc_raw_html][vc_empty_space height=&#8221;25px&#8221;][vc_column_text animation=&#8221;animation fade-in&#8221; css=&#8221;.vc_custom_1619168461965{padding-right: 10% !important;}&#8221;]Founded in order to face the labour shortages of the market, per\u00edcia acquired in several areas allowed it to expand the offer of its services to other specialities and to provide integrated&hellip;\" \/>\n<meta property=\"og:url\" content=\"https:\/\/pericia.com.pt\/en\/footer-content\/\" \/>\n<meta property=\"og:site_name\" content=\"Per\u00edcia\" \/>\n<meta property=\"article:modified_time\" content=\"2021-05-24T11:32:29+00:00\" \/>\n<meta property=\"og:image\" content=\"https:\/\/pericia.com.pt\/wp-content\/uploads\/2020\/09\/POISE_PT2020_FSE_Branco_Bom-1-1.png\" \/>\n<meta name=\"twitter:card\" content=\"summary_large_image\" \/>\n<meta name=\"twitter:label1\" content=\"Est. reading time\" \/>\n\t<meta name=\"twitter:data1\" content=\"2 minutes\" \/>\n<script type=\"application\/ld+json\" class=\"yoast-schema-graph\">{\"@context\":\"https:\/\/schema.org\",\"@graph\":[{\"@type\":\"WebSite\",\"@id\":\"https:\/\/pericia.com.pt\/#website\",\"url\":\"https:\/\/pericia.com.pt\/\",\"name\":\"Per\\u00edcia\",\"description\":\"Experi\\u00eancia. Inova\\u00e7\\u00e3o. Constru\\u00e7\\u00e3o.\",\"potentialAction\":[{\"@type\":\"SearchAction\",\"target\":{\"@type\":\"EntryPoint\",\"urlTemplate\":\"https:\/\/pericia.com.pt\/?s={search_term_string}\"},\"query-input\":\"required name=search_term_string\"}],\"inLanguage\":\"en-US\"},{\"@type\":\"ImageObject\",\"@id\":\"https:\/\/pericia.com.pt\/en\/footer-content\/#primaryimage\",\"inLanguage\":\"en-US\",\"url\":\"https:\/\/pericia.com.pt\/wp-content\/uploads\/2020\/09\/POISE_PT2020_FSE_Branco_Bom-1-1.png\",\"contentUrl\":\"https:\/\/pericia.com.pt\/wp-content\/uploads\/2020\/09\/POISE_PT2020_FSE_Branco_Bom-1-1.png\",\"width\":1200,\"height\":126},{\"@type\":\"WebPage\",\"@id\":\"https:\/\/pericia.com.pt\/en\/footer-content\/#webpage\",\"url\":\"https:\/\/pericia.com.pt\/en\/footer-content\/\",\"name\":\"Footer Content - Per\\u00edcia\",\"isPartOf\":{\"@id\":\"https:\/\/pericia.com.pt\/#website\"},\"primaryImageOfPage\":{\"@id\":\"https:\/\/pericia.com.pt\/en\/footer-content\/#primaryimage\"},\"datePublished\":\"2019-05-09T18:16:32+00:00\",\"dateModified\":\"2021-05-24T11:32:29+00:00\",\"breadcrumb\":{\"@id\":\"https:\/\/pericia.com.pt\/en\/footer-content\/#breadcrumb\"},\"inLanguage\":\"en-US\",\"potentialAction\":[{\"@type\":\"ReadAction\",\"target\":[\"https:\/\/pericia.com.pt\/en\/footer-content\/\"]}]},{\"@type\":\"BreadcrumbList\",\"@id\":\"https:\/\/pericia.com.pt\/en\/footer-content\/#breadcrumb\",\"itemListElement\":[{\"@type\":\"ListItem\",\"position\":1,\"name\":\"In\\u00edcio\",\"item\":\"https:\/\/pericia.com.pt\/en\/\"},{\"@type\":\"ListItem\",\"position\":2,\"name\":\"Footer Content\"}]}]}<\/script>\n<!-- \/ Yoast SEO plugin. -->","yoast_head_json":{"title":"Footer Content - Per\u00edcia","robots":{"index":"index","follow":"follow","max-snippet":"max-snippet:-1","max-image-preview":"max-image-preview:large","max-video-preview":"max-video-preview:-1"},"canonical":"https:\/\/pericia.com.pt\/en\/footer-content\/","og_locale":"en_US","og_type":"article","og_title":"Footer Content - Per\u00edcia","og_description":"[vc_row thb_full_width=&#8221;true&#8221; thb_row_padding=&#8221;true&#8221; thb_column_padding=&#8221;true&#8221; css=&#8221;.vc_custom_1611912071015{background-color: #111113 !important;}&#8221;][vc_column thb_color=&#8221;thb-light-column&#8221; width=&#8221;1\/2&#8243; css=&#8221;.vc_custom_1557490395698{padding-top: 8% !important;padding-right: 8% !important;padding-bottom: 8% !important;padding-left: 8% !important;}&#8221;][vc_raw_html]JTNDaW1nJTIwc3JjJTNEJTIyaHR0cHMlM0ElMkYlMkZwZXJpY2lhLmNvbS5wdCUyRndwLWNvbnRlbnQlMkZ1cGxvYWRzJTJGMjAyMCUyRjA4JTJGcGVyaWNpYS1yZWQtd2hpdGUuc3ZnJTIyJTIwd2lkdGglM0QlMjIxODNweCUyMiUzRQ==[\/vc_raw_html][vc_empty_space height=&#8221;25px&#8221;][vc_column_text animation=&#8221;animation fade-in&#8221; css=&#8221;.vc_custom_1619168461965{padding-right: 10% !important;}&#8221;]Founded in order to face the labour shortages of the market, per\u00edcia acquired in several areas allowed it to expand the offer of its services to other specialities and to provide integrated&hellip;","og_url":"https:\/\/pericia.com.pt\/en\/footer-content\/","og_site_name":"Per\u00edcia","article_modified_time":"2021-05-24T11:32:29+00:00","og_image":[{"url":"https:\/\/pericia.com.pt\/wp-content\/uploads\/2020\/09\/POISE_PT2020_FSE_Branco_Bom-1-1.png"}],"twitter_card":"summary_large_image","twitter_misc":{"Est. reading time":"2 minutes"},"schema":{"@context":"https:\/\/schema.org","@graph":[{"@type":"WebSite","@id":"https:\/\/pericia.com.pt\/#website","url":"https:\/\/pericia.com.pt\/","name":"Per\u00edcia","description":"Experi\u00eancia. Inova\u00e7\u00e3o. Constru\u00e7\u00e3o.","potentialAction":[{"@type":"SearchAction","target":{"@type":"EntryPoint","urlTemplate":"https:\/\/pericia.com.pt\/?s={search_term_string}"},"query-input":"required name=search_term_string"}],"inLanguage":"en-US"},{"@type":"ImageObject","@id":"https:\/\/pericia.com.pt\/en\/footer-content\/#primaryimage","inLanguage":"en-US","url":"https:\/\/pericia.com.pt\/wp-content\/uploads\/2020\/09\/POISE_PT2020_FSE_Branco_Bom-1-1.png","contentUrl":"https:\/\/pericia.com.pt\/wp-content\/uploads\/2020\/09\/POISE_PT2020_FSE_Branco_Bom-1-1.png","width":1200,"height":126},{"@type":"WebPage","@id":"https:\/\/pericia.com.pt\/en\/footer-content\/#webpage","url":"https:\/\/pericia.com.pt\/en\/footer-content\/","name":"Footer Content - Per\u00edcia","isPartOf":{"@id":"https:\/\/pericia.com.pt\/#website"},"primaryImageOfPage":{"@id":"https:\/\/pericia.com.pt\/en\/footer-content\/#primaryimage"},"datePublished":"2019-05-09T18:16:32+00:00","dateModified":"2021-05-24T11:32:29+00:00","breadcrumb":{"@id":"https:\/\/pericia.com.pt\/en\/footer-content\/#breadcrumb"},"inLanguage":"en-US","potentialAction":[{"@type":"ReadAction","target":["https:\/\/pericia.com.pt\/en\/footer-content\/"]}]},{"@type":"BreadcrumbList","@id":"https:\/\/pericia.com.pt\/en\/footer-content\/#breadcrumb","itemListElement":[{"@type":"ListItem","position":1,"name":"In\u00edcio","item":"https:\/\/pericia.com.pt\/en\/"},{"@type":"ListItem","position":2,"name":"Footer Content"}]}]}},"_links":{"self":[{"href":"https:\/\/pericia.com.pt\/en\/wp-json\/wp\/v2\/pages\/5657535"}],"collection":[{"href":"https:\/\/pericia.com.pt\/en\/wp-json\/wp\/v2\/pages"}],"about":[{"href":"https:\/\/pericia.com.pt\/en\/wp-json\/wp\/v2\/types\/page"}],"author":[{"embeddable":true,"href":"https:\/\/pericia.com.pt\/en\/wp-json\/wp\/v2\/users\/1"}],"replies":[{"embeddable":true,"href":"https:\/\/pericia.com.pt\/en\/wp-json\/wp\/v2\/comments?post=5657535"}],"version-history":[{"count":3,"href":"https:\/\/pericia.com.pt\/en\/wp-json\/wp\/v2\/pages\/5657535\/revisions"}],"predecessor-version":[{"id":5657814,"href":"https:\/\/pericia.com.pt\/en\/wp-json\/wp\/v2\/pages\/5657535\/revisions\/5657814"}],"wp:attachment":[{"href":"https:\/\/pericia.com.pt\/en\/wp-json\/wp\/v2\/media?parent=5657535"}],"curies":[{"name":"wp","href":"https:\/\/api.w.org\/{rel}","templated":true}]}}